{"id":628195,"date":"2023-04-25T08:28:46","date_gmt":"2023-04-25T06:28:46","guid":{"rendered":"https:\/\/nowa-neonia.dev.justidea.pl\/leczenie-tradziku-rozowatego\/"},"modified":"2024-02-16T15:22:06","modified_gmt":"2024-02-16T14:22:06","slug":"%d0%bb%d0%b5%d1%87%d0%b5%d0%bd%d0%b8%d0%b5-%d1%80%d0%be%d0%b7%d0%b0%d1%86%d0%b5%d0%b0","status":"publish","type":"page","link":"https:\/\/neonia.com.pl\/ru\/%d0%bb%d0%b5%d1%87%d0%b5%d0%bd%d0%b8%d0%b5-%d1%80%d0%be%d0%b7%d0%b0%d1%86%d0%b5%d0%b0\/","title":{"rendered":"\u041b\u0435\u0447\u0435\u043d\u0438\u0435 \u0440\u043e\u0437\u0430\u0446\u0435\u0430, \u0443\u0434\u0430\u043b\u0435\u043d\u0438\u0435 \u0440\u043e\u0437\u0430\u0446\u0435\u0430 \u041a\u0440\u0430\u043a\u043e\u0432"},"content":{"rendered":"<p><img decoding=\"async\" class=\"alignleft wp-image-17575 size-medium\" title=\"Leczenie tr\u0105dziku r\u00f3\u017cowatego\" src=\"https:\/\/neonia.com.pl\/wp-content\/uploads\/2018\/12\/leczenie-tr\u0105dziku-r\u00f3\u017cowatego-300x271.jpg\" alt=\"Leczenie tr\u0105dziku r\u00f3\u017cowatego\" width=\"300\" height=\"271\" \/><\/p>\n<p>\u0420\u043e\u0437\u0430\u0446\u0435\u0430 \u2013 \u00a0\u044d\u0442\u043e \u0445\u0440\u043e\u043d\u0438\u0447\u0435\u0441\u043a\u043e\u0435 \u043a\u043e\u0436\u043d\u043e\u0435 \u0437\u0430\u0431\u043e\u043b\u0435\u0432\u0430\u043d\u0438\u0435, \u043a\u043e\u0442\u043e\u0440\u043e\u0435 \u0442\u0440\u0435\u0431\u0443\u0435\u0442 \u0441\u043e\u043e\u0442\u0432\u0435\u0442\u0441\u0442\u0432\u0443\u044e\u0449\u0435\u0439 \u0442\u0435\u0440\u0430\u043f\u0438\u0438.\u00a0<strong>\u041b\u0435\u0447\u0435\u043d\u0438\u0435 \u0440\u043e\u0437\u0430\u0446\u0435\u0430<\/strong>\u00a0\u0442\u0440\u0435\u0431\u0443\u0435\u0442 \u043e\u0431\u0449\u0435\u0433\u043e \u0438 \u043c\u0435\u0441\u0442\u043d\u043e\u0433\u043e \u0444\u0430\u0440\u043c\u0430\u043a\u043e\u043b\u043e\u0433\u0438\u0447\u0435\u0441\u043a\u043e\u0433\u043e \u0432\u043c\u0435\u0448\u0430\u0442\u0435\u043b\u044c\u0441\u0442\u0432\u0430, \u0430 \u0442\u0430\u043a \u0436\u0435 \u0441\u043e\u043e\u0442\u0432\u0435\u0442\u0441\u0442\u0432\u0443\u044e\u0449\u0435\u0433\u043e \u0443\u0445\u043e\u0434\u0430 \u0437\u0430 \u043a\u043e\u0436\u0435\u0439.\u00a0\u0412 \u043f\u0440\u043e\u0446\u0435\u0441\u0441\u0435 \u0443\u0434\u0430\u043b\u0435\u043d\u0438\u044f \u043d\u0435\u044d\u0441\u0442\u0435\u0442\u0438\u0447\u0435\u0441\u043a\u0438\u0445 \u043a\u043e\u0436\u043d\u044b\u0445 \u0438\u0437\u043c\u0435\u043d\u0435\u043d\u0438\u0439, \u0441\u043e\u043f\u0440\u043e\u0432\u043e\u0436\u0434\u0430\u044e\u0449\u0438\u0445 \u0440\u043e\u0437\u0430\u0446\u0435\u0430, \u0431\u043e\u043b\u044c\u0448\u0443\u044e \u043f\u043e\u043c\u043e\u0449\u044c \u043e\u043a\u0430\u0437\u044b\u0432\u0430\u044e\u0442 \u043f\u0440\u043e\u0446\u0435\u0434\u0443\u0440\u044b \u0432 \u043e\u0431\u043b\u0430\u0441\u0442\u0438 \u044d\u0441\u0442\u0435\u0442\u0438\u0447\u0435\u0441\u043a\u043e\u0439 \u043c\u0435\u0434\u0438\u0446\u0438\u043d\u044b. \u041f\u0440\u043e\u0444\u0435\u0441\u0441\u0438\u043e\u043d\u0430\u043b\u044c\u043d\u043e \u0432\u044b\u043f\u043e\u043b\u043d\u0435\u043d\u043d\u044b\u0435 \u043f\u0440\u043e\u0446\u0435\u0434\u0443\u0440\u044b \u0434\u0435\u043b\u0430\u044e\u0442 \u0432\u043e\u0437\u043c\u043e\u0436\u043d\u044b\u043c \u043b\u0435\u0447\u0435\u043d\u0438\u0435 \u0440\u043e\u0437\u0430\u0446\u0435\u0430, \u0441\u043d\u0438\u043c\u0430\u044f \u0435\u0451 \u0441\u0438\u043c\u043f\u0442\u043e\u043c\u044b \u0438 \u0443\u043c\u0435\u043d\u044c\u0448\u0430\u044f \u0440\u0438\u0441\u043a \u043f\u043e\u044f\u0432\u043b\u0435\u043d\u0438\u044f \u043f\u043e\u0441\u0442\u043e\u044f\u043d\u043d\u044b\u0445 \u043a\u043e\u0436\u043d\u044b\u0445 \u0438\u0437\u043c\u0435\u043d\u0435\u043d\u0438\u0439.<\/p>\n<h2>\u041a\u0430\u043a\u0438\u0435 \u043f\u0440\u043e\u0446\u0435\u0434\u0443\u0440\u044b \u044f\u0432\u043b\u044f\u044e\u0442\u0441\u044f \u0441\u0430\u043c\u044b\u043c\u0438 \u044d\u0444\u0444\u0435\u043a\u0442\u0438\u0432\u043d\u044b\u043c\u0438 \u0434\u043b\u044f \u0443\u0434\u0430\u043b\u0435\u043d\u0438\u044f \u0440\u043e\u0437\u0430\u0446\u0435\u0430?<\/h2>\n<p>\u0412 \u0441\u043b\u0443\u0447\u0430\u0435 \u0440\u043e\u0437\u0430\u0446\u0435\u0430, \u0443\u0432\u0435\u043b\u0438\u0447\u0438\u0432\u0430\u044e\u0449\u0435\u0439 \u0447\u0443\u0432\u0441\u0442\u0432\u0438\u0442\u0435\u043b\u044c\u043d\u043e\u0441\u0442\u044c \u043a\u043e\u0436\u0438 \u043a \u0432\u043e\u0437\u0434\u0435\u0439\u0441\u0442\u0432\u0438\u044e \u0432\u043d\u0435\u0448\u043d\u0438\u0445 \u0444\u0430\u043a\u0442\u043e\u0440\u043e\u0432, \u0434\u043e\u043b\u0436\u0435\u043d \u0431\u044b\u0442\u044c \u0438\u0441\u043f\u043e\u043b\u044c\u0437\u043e\u0432\u0430\u043d \u043b\u0430\u0437\u0435\u0440 \u043d\u0435 \u0432\u044b\u0437\u044b\u0432\u0430\u044e\u0449\u0438\u0439 \u0441\u043b\u0438\u0448\u043a\u043e\u043c \u0441\u0438\u043b\u044c\u043d\u043e\u0433\u043e \u0440\u0430\u0437\u0434\u0440\u0430\u0436\u0435\u043d\u0438\u044f \u043d\u0430 \u043a\u043e\u0436\u0435 \u0438\u043b\u0438 \u0435\u0451 \u043f\u043e\u0432\u0440\u0435\u0436\u0434\u0435\u043d\u0438\u0439.\u00a0<strong>\u041b\u0435\u0447\u0435\u043d\u0438\u0435 \u0440\u043e\u0437\u0430\u0446\u0435\u0430<\/strong>\u00a0\u043b\u0435\u0437\u0435\u0440\u043e\u043c Pro\u00a0Dye\u00a0\u2013 VL\u00a0\u043f\u0440\u0438\u043d\u043e\u0441\u0438\u0442 \u0432\u0435\u043b\u0438\u043a\u043e\u043b\u0435\u043f\u043d\u044b\u0435 \u044d\u0444\u0444\u0435\u043a\u0442\u044b \u0432 \u0442\u0435\u0447\u0435\u043d\u0438\u0435 \u043a\u043e\u0440\u043e\u0442\u043a\u043e\u0433\u043e \u0432\u0440\u0435\u043c\u0435\u043d\u0438. \u042d\u0442\u043e\u0442 \u043b\u0430\u0437\u0435\u0440 \u0438\u043c\u0438\u0442\u0438\u0440\u0443\u0435\u0442 \u043b\u0443\u0447\u0438 \u0441\u0432\u0435\u0442\u0430 \u0441 \u0432\u044b\u0441\u043e\u043a\u0438\u043c \u0441\u043e\u0434\u0435\u0440\u0436\u0430\u043d\u0438\u0435\u043c \u044d\u043d\u0435\u0440\u0433\u0438\u0438 \u0438 \u0432 \u0442\u043e \u0436\u0435 \u0432\u0440\u0435\u043c\u044f, \u043a\u0440\u0430\u0442\u043a\u043e\u0432\u0440\u0435\u043c\u0435\u043d\u043d\u044b\u043c \u0438\u043c\u043f\u0443\u043b\u044c\u0441\u043e\u043c. \u042d\u043d\u0435\u0440\u0433\u0438\u044f \u043b\u0430\u0437\u0435\u0440\u043d\u044b\u0445 \u043b\u0443\u0447\u0435\u0439 \u043f\u0440\u043e\u043d\u0438\u043a\u0430\u0435\u0442 \u0432\u0433\u043b\u0443\u0431\u044c \u043a\u043e\u0436\u0438, \u043e\u0431\u0435\u0441\u043f\u0435\u0447\u0438\u0432\u0430\u044f \u0437\u0430\u043a\u0440\u044b\u0442\u0438\u0435 \u0440\u0430\u0441\u0448\u0438\u0440\u0435\u043d\u043d\u044b\u0445 \u043a\u0430\u043f\u0438\u043b\u043b\u044f\u0440\u043e\u0432 \u0438 \u0443\u043c\u0435\u043d\u044c\u0448\u0435\u043d\u0438\u0435 \u0438\u0437\u043c\u0435\u043d\u0435\u043d\u0438\u0439 \u0446\u0432\u0435\u0442\u0430 \u043a\u043e\u0436\u0438. \u041b\u0430\u0437\u0435\u0440, \u043f\u0440\u0438 \u043b\u0435\u0447\u0435\u043d\u0438\u0438 \u0440\u043e\u0437\u0430\u0446\u0435\u0430, \u044d\u0444\u0444\u0435\u043a\u0442\u0438\u0432\u043d\u043e \u0443\u0434\u0430\u043b\u044f\u0435\u0442 \u043f\u043e\u043a\u0440\u0430\u0441\u043d\u0435\u043d\u0438\u044f, \u0441\u0443\u0436\u0430\u0435\u0442 \u0440\u0430\u0441\u0448\u0438\u0440\u0435\u043d\u043d\u044b\u0435 \u043f\u043e\u0440\u044b, \u0440\u0430\u0437\u0433\u043b\u0430\u0436\u0438\u0432\u0430\u0435\u0442 \u043a\u043e\u0436\u0443.\u00a0<strong>\u041b\u0430\u0437\u0435\u0440\u043d\u043e\u0435 \u0443\u0434\u0430\u043b\u0435\u043d\u0438\u0435 \u0440\u043e\u0437\u0430\u0446\u0435\u0430<\/strong>\u00a0\u043f\u043e\u0434\u0440\u0430\u0437\u0443\u043c\u0435\u0432\u0430\u0435\u0442 \u043f\u0440\u043e\u0445\u043e\u0436\u0434\u0435\u043d\u0438\u0435 \u0441\u0435\u0440\u0438\u0438 \u043f\u0440\u043e\u0446\u0435\u0434\u0443\u0440 \u2013 \u043e\u043a\u043e\u043b\u043e 3 \u2013 4. \u0412 \u043a\u0430\u0447\u0435\u0441\u0442\u0432\u0435 \u043b\u0435\u0447\u0435\u043d\u0438\u044f \u0440\u043e\u0437\u0430\u0446\u0435\u0430 \u0438\u0441\u043f\u043e\u043b\u044c\u0437\u0443\u044e\u0442 \u0442\u0430\u043a \u0436\u0435 \u043c\u0435\u0434\u0438\u0446\u0438\u043d\u0441\u043a\u0438\u0435 \u0445\u0438\u043c\u0438\u0447\u0435\u0441\u043a\u0438\u0435 \u043f\u0438\u043b\u0438\u043d\u0433\u0438.\u00a0\u0414\u043b\u044f \u0442\u0430\u043a\u043e\u0433\u043e \u0442\u0438\u043f\u0430 \u043f\u0440\u043e\u0446\u0435\u0434\u0443\u0440 \u0438\u0441\u043f\u043e\u043b\u044c\u0437\u0443\u044e\u0442 \u043e\u0442\u0448\u0435\u043b\u0443\u0448\u0438\u0432\u0430\u044e\u0449\u0438\u0435 \u043f\u0440\u0435\u043f\u0430\u0440\u0430\u0442\u044b \u0441 \u0432\u044b\u0441\u043e\u043a\u043e\u0439 \u043a\u043e\u043d\u0446\u0435\u043d\u0442\u0440\u0430\u0446\u0438\u0435\u0439 \u0430\u043a\u0442\u0438\u0432\u043d\u044b\u0445 \u044d\u043b\u0435\u043c\u0435\u043d\u0442\u043e\u0432, \u0437\u0430\u043c\u0435\u0442\u043d\u043e \u0443\u043b\u0443\u0447\u0448\u0430\u044e\u0449\u0438\u0445 \u0441\u043e\u0441\u0442\u043e\u044f\u043d\u0438\u0435 \u043a\u043e\u0436\u0438 \u0441 \u0440\u043e\u0437\u0430\u0446\u0435\u0430. \u041f\u0438\u043b\u0438\u043d\u0433 \u043f\u0440\u0438 \u0440\u043e\u0437\u0430\u0446\u0435\u0430 \u0433\u0430\u0440\u0430\u043d\u0442\u0438\u0440\u0443\u0435\u0442 \u043e\u0441\u043b\u0430\u0431\u043b\u0435\u043d\u0438\u0435 \u0432\u043e\u0441\u043f\u0430\u043b\u0438\u0442\u0435\u043b\u044c\u043d\u044b\u0445 \u043f\u0440\u043e\u0446\u0435\u0441\u0441\u043e\u0432, \u0440\u0435\u0433\u0443\u043b\u0438\u0440\u0443\u0435\u0442 \u043f\u0440\u043e\u0446\u0435\u0441\u0441\u044b \u043a\u0435\u0440\u0430\u0442\u0438\u043d\u0438\u0437\u0430\u0446\u0438\u0438 \u043a\u043e\u0436\u0438, \u0443\u043c\u0435\u043d\u044c\u0448\u0430\u0435\u0442 \u0438\u0437\u043c\u0435\u043d\u0435\u043d\u0438\u044f \u0446\u0432\u0435\u0442\u0430 \u043a\u043e\u0436\u0438 \u0438 \u043e\u0441\u0442\u0430\u043d\u0430\u0432\u043b\u0438\u0432\u0430\u0435\u0442 \u0440\u0430\u0437\u0432\u0438\u0442\u0438\u0435 \u0431\u0430\u043a\u0442\u0435\u0440\u0438\u0439. \u041e\u043f\u0442\u0438\u043c\u0430\u043b\u044c\u043d\u044b\u0439 \u044d\u0444\u0444\u0435\u043a\u0442 \u043c\u043e\u0436\u043d\u043e \u043f\u043e\u043b\u0443\u0447\u0438\u0442\u044c \u043f\u043e\u0441\u043b\u0435 \u043f\u0440\u043e\u0445\u043e\u0436\u0434\u0435\u043d\u0438\u044f \u0441\u0435\u0440\u0438\u0438 \u043f\u043e\u0440\u0435\u0446\u0443\u0440.<\/p>\n<style>\r\n\r\n.shortcode-gallery {\r\n\twidth: 100%;\r\n\tmargin-top: 50px;\r\n\tmargin-bottom: 50px;\r\n\ttext-align: center;\r\n}\r\n.shortcode-gallery__title {\r\n\tmargin-bottom: 35px;\r\n\tfont-family: \"Tenor Sans\",sans-serif;\r\n\tfont-size: 1.5rem;\r\n\tfont-weight: 400;\r\n\tline-height: 1.75rem;\r\n}\r\n@media (mim-width: 992px) {\r\n\t.shortcode-gallery__title {\r\n\t\tfont-size: 2.125rem;\r\n\t\tline-height: 3rem;\r\n\t}\r\n}\r\n.shortcode-gallery__images {\r\n\tgap: 10px;\r\n}\r\n.shortcode-gallery__link {\r\n\tdisplay: block;\r\n}\r\n.shortcode-gallery__link:hover {\r\n\ttext-decoration: none;\r\n}\r\n.shortcode-gallery__image {\r\n\twidth: 200px;\r\n\theight: 200px;\r\n\tobject-fit: cover;\r\n\tborder-radius: 20px;\r\n}\r\n.shortcode-gallery__desc {\r\n\tmax-width: 190px;\r\n\tmargin: 10px auto;\r\n\tfont-size: .8rem;\r\n\tfont-weight: 400;\r\n\tline-height: 1.2;\r\n}\r\n.glightbox-clean .gslide-desc {\r\n\ttext-align: center;\r\n\tfont-family: Montserrat,sans-serif;\r\n\tfont-size: 1rem;\r\n}\r\n.gslide-image img {\r\n\tmax-width: 85vw;\r\n\tobject-fit: contain;\r\n}\r\n<\/style>\r\n\t\t\t<section class=\"shortcode-gallery\">\r\n\t\t\t\t\t<h3 class=\"shortcode-gallery__title\">Efekty przed i po<\/h3>\r\n\t\t\r\n\t\t\t\t\t<div class=\"shortcode-gallery__images d-flex flex-wrap justify-content-center\">\r\n\t\t\t\t\t\t\t<a class=\"shortcode-gallery__link glightbox\" href=\"https:\/\/neonia.com.pl\/wp-content\/uploads\/2024\/02\/leczenie-tradziku-rozowatego-efekty-scaled.jpg\" data-height=\"80vh\">\r\n\t\t\t\t\t<img decoding=\"async\" class=\"shortcode-gallery__image smush-dimensions lazyload\" data-src=\"https:\/\/neonia.com.pl\/wp-content\/uploads\/2024\/02\/leczenie-tradziku-rozowatego-efekty-300x300.jpg\" alt=\"leczenie tr\u0105dziku r\u00f3\u017cowatego efekty\" width=\"300\" style=\"--smush-image-width: 300px; --smush-image-aspect-ratio: 300\/300;\" src=\"data:image\/svg+xml;base64,PHN2ZyB3aWR0aD0iMSIgaGVpZ2h0PSIxIiB4bWxucz0iaHR0cDovL3d3dy53My5vcmcvMjAwMC9zdmciPjwvc3ZnPg==\" data-srcset=\"https:\/\/neonia.com.pl\/wp-content\/uploads\/2024\/02\/leczenie-tradziku-rozowatego-efekty-300x300.jpg 300w, https:\/\/neonia.com.pl\/wp-content\/uploads\/2024\/02\/leczenie-tradziku-rozowatego-efekty-scaled.jpg 1500w, https:\/\/neonia.com.pl\/wp-content\/uploads\/2024\/02\/leczenie-tradziku-rozowatego-efekty-400x400.jpg 400w, https:\/\/neonia.com.pl\/wp-content\/uploads\/2024\/02\/leczenie-tradziku-rozowatego-efekty-768x768.jpg 768w, https:\/\/neonia.com.pl\/wp-content\/uploads\/2024\/02\/leczenie-tradziku-rozowatego-efekty-1536x1536.jpg 1536w, https:\/\/neonia.com.pl\/wp-content\/uploads\/2024\/02\/leczenie-tradziku-rozowatego-efekty-70x70.jpg 70w, https:\/\/neonia.com.pl\/wp-content\/uploads\/2024\/02\/leczenie-tradziku-rozowatego-efekty-1000x1000.jpg 1000w, https:\/\/neonia.com.pl\/wp-content\/uploads\/2024\/02\/leczenie-tradziku-rozowatego-efekty-800x800.jpg 800w, https:\/\/neonia.com.pl\/wp-content\/uploads\/2024\/02\/leczenie-tradziku-rozowatego-efekty-500x500.jpg 500w\" data-sizes=\"auto\" data-original-sizes=\"(max-width: 300px) 100vw, 300px\">\r\n\t\t\t\t\t\t\t\t\t<\/a>\r\n\t\t\t\t\t\t\t<a class=\"shortcode-gallery__link glightbox\" href=\"https:\/\/neonia.com.pl\/wp-content\/uploads\/2024\/02\/leczenie-tradziku-rozowatego-Krakow-scaled.jpg\" data-height=\"80vh\">\r\n\t\t\t\t\t<img decoding=\"async\" class=\"shortcode-gallery__image smush-dimensions lazyload\" data-src=\"https:\/\/neonia.com.pl\/wp-content\/uploads\/2024\/02\/leczenie-tradziku-rozowatego-Krakow-300x300.jpg\" alt=\"leczenie tr\u0105dziku r\u00f3\u017cowatego Krak\u00f3w\" width=\"300\" style=\"--smush-image-width: 300px; --smush-image-aspect-ratio: 300\/300;\" src=\"data:image\/svg+xml;base64,PHN2ZyB3aWR0aD0iMSIgaGVpZ2h0PSIxIiB4bWxucz0iaHR0cDovL3d3dy53My5vcmcvMjAwMC9zdmciPjwvc3ZnPg==\" data-srcset=\"https:\/\/neonia.com.pl\/wp-content\/uploads\/2024\/02\/leczenie-tradziku-rozowatego-Krakow-300x300.jpg 300w, https:\/\/neonia.com.pl\/wp-content\/uploads\/2024\/02\/leczenie-tradziku-rozowatego-Krakow-scaled.jpg 1500w, https:\/\/neonia.com.pl\/wp-content\/uploads\/2024\/02\/leczenie-tradziku-rozowatego-Krakow-400x400.jpg 400w, https:\/\/neonia.com.pl\/wp-content\/uploads\/2024\/02\/leczenie-tradziku-rozowatego-Krakow-768x768.jpg 768w, https:\/\/neonia.com.pl\/wp-content\/uploads\/2024\/02\/leczenie-tradziku-rozowatego-Krakow-1536x1536.jpg 1536w, https:\/\/neonia.com.pl\/wp-content\/uploads\/2024\/02\/leczenie-tradziku-rozowatego-Krakow-2048x2048.jpg 2048w, https:\/\/neonia.com.pl\/wp-content\/uploads\/2024\/02\/leczenie-tradziku-rozowatego-Krakow-70x70.jpg 70w, https:\/\/neonia.com.pl\/wp-content\/uploads\/2024\/02\/leczenie-tradziku-rozowatego-Krakow-1000x1000.jpg 1000w, https:\/\/neonia.com.pl\/wp-content\/uploads\/2024\/02\/leczenie-tradziku-rozowatego-Krakow-800x800.jpg 800w, https:\/\/neonia.com.pl\/wp-content\/uploads\/2024\/02\/leczenie-tradziku-rozowatego-Krakow-500x500.jpg 500w\" data-sizes=\"auto\" data-original-sizes=\"(max-width: 300px) 100vw, 300px\">\r\n\t\t\t\t\t\t\t\t\t<\/a>\r\n\t\t\t\t\t\t\t<a class=\"shortcode-gallery__link glightbox\" href=\"https:\/\/neonia.com.pl\/wp-content\/uploads\/2024\/02\/leczenie-tradziku-rozowatego-scaled.jpg\" data-height=\"80vh\">\r\n\t\t\t\t\t<img decoding=\"async\" class=\"shortcode-gallery__image smush-dimensions lazyload\" data-src=\"https:\/\/neonia.com.pl\/wp-content\/uploads\/2024\/02\/leczenie-tradziku-rozowatego-300x249.jpg\" alt=\"leczenie tr\u0105dziku r\u00f3\u017cowatego\" width=\"300\" style=\"--smush-image-width: 300px; --smush-image-aspect-ratio: 300\/249;\" src=\"data:image\/svg+xml;base64,PHN2ZyB3aWR0aD0iMSIgaGVpZ2h0PSIxIiB4bWxucz0iaHR0cDovL3d3dy53My5vcmcvMjAwMC9zdmciPjwvc3ZnPg==\" data-srcset=\"https:\/\/neonia.com.pl\/wp-content\/uploads\/2024\/02\/leczenie-tradziku-rozowatego-300x249.jpg 300w, https:\/\/neonia.com.pl\/wp-content\/uploads\/2024\/02\/leczenie-tradziku-rozowatego-scaled.jpg 1500w, https:\/\/neonia.com.pl\/wp-content\/uploads\/2024\/02\/leczenie-tradziku-rozowatego-768x638.jpg 768w, https:\/\/neonia.com.pl\/wp-content\/uploads\/2024\/02\/leczenie-tradziku-rozowatego-1536x1276.jpg 1536w, https:\/\/neonia.com.pl\/wp-content\/uploads\/2024\/02\/leczenie-tradziku-rozowatego-1000x831.jpg 1000w, https:\/\/neonia.com.pl\/wp-content\/uploads\/2024\/02\/leczenie-tradziku-rozowatego-800x665.jpg 800w, https:\/\/neonia.com.pl\/wp-content\/uploads\/2024\/02\/leczenie-tradziku-rozowatego-500x415.jpg 500w\" data-sizes=\"auto\" data-original-sizes=\"(max-width: 300px) 100vw, 300px\">\r\n\t\t\t\t\t\t\t\t\t<\/a>\r\n\t\t\t\t\t\t\t<a class=\"shortcode-gallery__link glightbox\" href=\"https:\/\/neonia.com.pl\/wp-content\/uploads\/2024\/02\/tradzik-rozowaty-efekty-zabiegu.jpg\" data-height=\"80vh\">\r\n\t\t\t\t\t<img decoding=\"async\" class=\"shortcode-gallery__image smush-dimensions lazyload\" data-src=\"https:\/\/neonia.com.pl\/wp-content\/uploads\/2024\/02\/tradzik-rozowaty-efekty-zabiegu-300x176.png\" alt=\"tr\u0105dzik r\u00f3\u017cowaty efekty zabiegu\" width=\"300\" style=\"--smush-image-width: 300px; --smush-image-aspect-ratio: 300\/176;\" src=\"data:image\/svg+xml;base64,PHN2ZyB3aWR0aD0iMSIgaGVpZ2h0PSIxIiB4bWxucz0iaHR0cDovL3d3dy53My5vcmcvMjAwMC9zdmciPjwvc3ZnPg==\" data-srcset=\"https:\/\/neonia.com.pl\/wp-content\/uploads\/2024\/02\/tradzik-rozowaty-efekty-zabiegu-300x176.png 300w, https:\/\/neonia.com.pl\/wp-content\/uploads\/2024\/02\/tradzik-rozowaty-efekty-zabiegu-768x452.png 768w, https:\/\/neonia.com.pl\/wp-content\/uploads\/2024\/02\/tradzik-rozowaty-efekty-zabiegu-1000x588.png 1000w, https:\/\/neonia.com.pl\/wp-content\/uploads\/2024\/02\/tradzik-rozowaty-efekty-zabiegu-800x470.png 800w, https:\/\/neonia.com.pl\/wp-content\/uploads\/2024\/02\/tradzik-rozowaty-efekty-zabiegu-500x294.png 500w, https:\/\/neonia.com.pl\/wp-content\/uploads\/2024\/02\/tradzik-rozowaty-efekty-zabiegu.png 1422w\" data-sizes=\"auto\" data-original-sizes=\"(max-width: 300px) 100vw, 300px\">\r\n\t\t\t\t\t\t\t\t\t<\/a>\r\n\t\t\t\t\t\t\t<a class=\"shortcode-gallery__link glightbox\" href=\"https:\/\/neonia.com.pl\/wp-content\/uploads\/2024\/02\/tradzik-rozowaty-leczenie-laserem-scaled.jpg\" data-height=\"80vh\">\r\n\t\t\t\t\t<img decoding=\"async\" class=\"shortcode-gallery__image smush-dimensions lazyload\" data-src=\"https:\/\/neonia.com.pl\/wp-content\/uploads\/2024\/02\/tradzik-rozowaty-leczenie-laserem-300x300.jpg\" alt=\"tr\u0105dzik r\u00f3\u017cowaty leczenie laserem\" width=\"300\" style=\"--smush-image-width: 300px; --smush-image-aspect-ratio: 300\/300;\" src=\"data:image\/svg+xml;base64,PHN2ZyB3aWR0aD0iMSIgaGVpZ2h0PSIxIiB4bWxucz0iaHR0cDovL3d3dy53My5vcmcvMjAwMC9zdmciPjwvc3ZnPg==\" data-srcset=\"https:\/\/neonia.com.pl\/wp-content\/uploads\/2024\/02\/tradzik-rozowaty-leczenie-laserem-300x300.jpg 300w, https:\/\/neonia.com.pl\/wp-content\/uploads\/2024\/02\/tradzik-rozowaty-leczenie-laserem-scaled.jpg 1500w, https:\/\/neonia.com.pl\/wp-content\/uploads\/2024\/02\/tradzik-rozowaty-leczenie-laserem-400x400.jpg 400w, https:\/\/neonia.com.pl\/wp-content\/uploads\/2024\/02\/tradzik-rozowaty-leczenie-laserem-768x768.jpg 768w, https:\/\/neonia.com.pl\/wp-content\/uploads\/2024\/02\/tradzik-rozowaty-leczenie-laserem-1536x1536.jpg 1536w, https:\/\/neonia.com.pl\/wp-content\/uploads\/2024\/02\/tradzik-rozowaty-leczenie-laserem-2048x2048.jpg 2048w, https:\/\/neonia.com.pl\/wp-content\/uploads\/2024\/02\/tradzik-rozowaty-leczenie-laserem-70x70.jpg 70w, https:\/\/neonia.com.pl\/wp-content\/uploads\/2024\/02\/tradzik-rozowaty-leczenie-laserem-1000x1000.jpg 1000w, https:\/\/neonia.com.pl\/wp-content\/uploads\/2024\/02\/tradzik-rozowaty-leczenie-laserem-800x800.jpg 800w, https:\/\/neonia.com.pl\/wp-content\/uploads\/2024\/02\/tradzik-rozowaty-leczenie-laserem-500x500.jpg 500w\" data-sizes=\"auto\" data-original-sizes=\"(max-width: 300px) 100vw, 300px\">\r\n\t\t\t\t\t\t\t\t\t<\/a>\r\n\t\t\t\t\t\t<\/div>\r\n\t\t\t\t<\/section>\r\n\t\n","protected":false},"excerpt":{"rendered":"<p>\u0420\u043e\u0437\u0430\u0446\u0435\u0430 \u2013 \u00a0\u044d\u0442\u043e \u0445\u0440\u043e\u043d\u0438\u0447\u0435\u0441\u043a\u043e\u0435 \u043a\u043e\u0436\u043d\u043e\u0435 \u0437\u0430\u0431\u043e\u043b\u0435\u0432\u0430\u043d\u0438\u0435, \u043a\u043e\u0442\u043e\u0440\u043e\u0435 \u0442\u0440\u0435\u0431\u0443\u0435\u0442 \u0441\u043e\u043e\u0442\u0432\u0435\u0442\u0441\u0442\u0432\u0443\u044e\u0449\u0435\u0439 \u0442\u0435\u0440\u0430\u043f\u0438\u0438.\u00a0\u041b\u0435\u0447\u0435\u043d\u0438\u0435 \u0440\u043e\u0437\u0430\u0446\u0435\u0430\u00a0\u0442\u0440\u0435\u0431\u0443\u0435\u0442 \u043e\u0431\u0449\u0435\u0433\u043e \u0438 \u043c\u0435\u0441\u0442\u043d\u043e\u0433\u043e \u0444\u0430\u0440\u043c\u0430\u043a\u043e\u043b\u043e\u0433\u0438\u0447\u0435\u0441\u043a\u043e\u0433\u043e \u0432\u043c\u0435\u0448\u0430\u0442\u0435\u043b\u044c\u0441\u0442\u0432\u0430, \u0430 \u0442\u0430\u043a \u0436\u0435 \u0441\u043e\u043e\u0442\u0432\u0435\u0442\u0441\u0442\u0432\u0443\u044e\u0449\u0435\u0433\u043e \u0443\u0445\u043e\u0434\u0430 \u0437\u0430 \u043a\u043e\u0436\u0435\u0439.\u00a0\u0412 \u043f\u0440\u043e\u0446\u0435\u0441\u0441\u0435 \u0443\u0434\u0430\u043b\u0435\u043d\u0438\u044f \u043d\u0435\u044d\u0441\u0442\u0435\u0442\u0438\u0447\u0435\u0441\u043a\u0438\u0445 \u043a\u043e\u0436\u043d\u044b\u0445 \u0438\u0437\u043c\u0435\u043d\u0435\u043d\u0438\u0439, \u0441\u043e\u043f\u0440\u043e\u0432\u043e\u0436\u0434\u0430\u044e\u0449\u0438\u0445 \u0440\u043e\u0437\u0430\u0446\u0435\u0430, \u0431\u043e\u043b\u044c\u0448\u0443\u044e \u043f\u043e\u043c\u043e\u0449\u044c \u043e\u043a\u0430\u0437\u044b\u0432\u0430\u044e\u0442 \u043f\u0440\u043e\u0446\u0435\u0434\u0443\u0440\u044b \u0432 \u043e\u0431\u043b\u0430\u0441\u0442\u0438 \u044d\u0441\u0442\u0435\u0442\u0438\u0447\u0435\u0441\u043a\u043e\u0439 \u043c\u0435\u0434\u0438\u0446\u0438\u043d\u044b. \u041f\u0440\u043e\u0444\u0435\u0441\u0441\u0438\u043e\u043d\u0430\u043b\u044c\u043d\u043e \u0432\u044b\u043f\u043e\u043b\u043d\u0435\u043d\u043d\u044b\u0435 \u043f\u0440\u043e\u0446\u0435\u0434\u0443\u0440\u044b \u0434\u0435\u043b\u0430\u044e\u0442 \u0432\u043e\u0437\u043c\u043e\u0436\u043d\u044b\u043c \u043b\u0435\u0447\u0435\u043d\u0438\u0435 \u0440\u043e\u0437\u0430\u0446\u0435\u0430, \u0441\u043d\u0438\u043c\u0430\u044f \u0435\u0451 \u0441\u0438\u043c\u043f\u0442\u043e\u043c\u044b \u0438 \u0443\u043c\u0435\u043d\u044c\u0448\u0430\u044f \u0440\u0438\u0441\u043a \u043f\u043e\u044f\u0432\u043b\u0435\u043d\u0438\u044f \u043f\u043e\u0441\u0442\u043e\u044f\u043d\u043d\u044b\u0445 \u043a\u043e\u0436\u043d\u044b\u0445 \u0438\u0437\u043c\u0435\u043d\u0435\u043d\u0438\u0439. [&hellip;]<\/p>\n","protected":false},"author":1,"featured_media":0,"parent":0,"menu_order":77,"comment_status":"closed","ping_status":"closed","template":"page-templates\/treatment.php","meta":{"_acf_changed":false,"footnotes":""},"categories":[28],"class_list":["post-628195","page","type-page","status-publish","hentry","category-zabiegi-ru"],"acf":[],"_links":{"self":[{"href":"https:\/\/neonia.com.pl\/ru\/wp-json\/wp\/v2\/pages\/628195","targetHints":{"allow":["GET"]}}],"collection":[{"href":"https:\/\/neonia.com.pl\/ru\/wp-json\/wp\/v2\/pages"}],"about":[{"href":"https:\/\/neonia.com.pl\/ru\/wp-json\/wp\/v2\/types\/page"}],"author":[{"embeddable":true,"href":"https:\/\/neonia.com.pl\/ru\/wp-json\/wp\/v2\/users\/1"}],"replies":[{"embeddable":true,"href":"https:\/\/neonia.com.pl\/ru\/wp-json\/wp\/v2\/comments?post=628195"}],"version-history":[{"count":1,"href":"https:\/\/neonia.com.pl\/ru\/wp-json\/wp\/v2\/pages\/628195\/revisions"}],"predecessor-version":[{"id":641661,"href":"https:\/\/neonia.com.pl\/ru\/wp-json\/wp\/v2\/pages\/628195\/revisions\/641661"}],"wp:attachment":[{"href":"https:\/\/neonia.com.pl\/ru\/wp-json\/wp\/v2\/media?parent=628195"}],"wp:term":[{"taxonomy":"category","embeddable":true,"href":"https:\/\/neonia.com.pl\/ru\/wp-json\/wp\/v2\/categories?post=628195"}],"curies":[{"name":"wp","href":"https:\/\/api.w.org\/{rel}","templated":true}]}}