{"id":628650,"date":"2023-03-02T21:14:25","date_gmt":"2023-03-02T20:14:25","guid":{"rendered":"https:\/\/nowa-neonia.dev.justidea.pl\/usuwanie-rozstepow\/"},"modified":"2024-02-16T15:48:51","modified_gmt":"2024-02-16T14:48:51","slug":"stretch-mark-removal","status":"publish","type":"page","link":"https:\/\/neonia.com.pl\/en\/stretch-mark-removal\/","title":{"rendered":"Stretch marks removal, stretch marks elimination Krakow"},"content":{"rendered":"<p><img decoding=\"async\" class=\"alignleft wp-image-75250 size-medium lazyloaded\" title=\"Stretch mark removal\" src=\"https:\/\/neonia.com.pl\/wp-content\/uploads\/2019\/03\/usuwanie-rozst%C4%99p%C3%B3w-300x200.jpg\" alt=\"Stretch mark removal\" width=\"300\" height=\"200\" data-src=\"https:\/\/neonia.com.pl\/wp-content\/uploads\/2019\/03\/usuwanie-rozst\u0119p\u00f3w-300x200.jpg\" \/><\/p>\n<p>Stretch marks are a specific type of scars \u2013 they are not created by skin wounds or it\u2019s continuity breaking. They are the result of excessive skin stretching or its shrinkage, which leads to the impairment of the function of fibroblasts, or cells, that synthesize collagen and elastin. Weakening of collagen and elastin fibers is accompanied by the formation of spindle skin lesions that come with skin flaccidity and wrinkling. Stretch marks can arise on the abdomen, breasts, thighs and buttocks, hips, arms or lower back.<\/p>\n<h2>Skin stretch marks removal<\/h2>\n<p>The first stage of the formation of stretch marks is the disruption of collagen fibers and the formation of a local inflammatory reaction. At this stage the stretch marks have a vivid, grey-blue \u2013 red colour, which is caused by blood vessels showing through the skin. At this stage, the removal of stretch marks is the most effective \u2013 as with any scar that is fresh.<\/p>\n<p>Over time, stretch marks become paler and slightly smaller, which results from the intensification of skin regeneration processes and the synthesis of new collagen fibers. Elimination of stretch marks already fixed is much more difficult and requires long-term application of various aesthetic medicine treatments.<\/p>\n<p>It is worth stressing that professional stretch marks treatment is the only effective method of combating this skin defect. Home remedies such as massages or firming cosmetics will not remove stretch marks. What does aesthetic medicine offer? In the case of both fresh and fixed stretch marks, procedures using fractional laser, micro needle mesotherapy, as well as endermologies of LPG Alliance or needle mesotherapy are perfect. In the case of fixed stretch marks, you can also use the platelet-rich plasma, as well as the Clearlift laser.<\/p>\n<style>\r\n\r\n.shortcode-gallery {\r\n\twidth: 100%;\r\n\tmargin-top: 50px;\r\n\tmargin-bottom: 50px;\r\n\ttext-align: center;\r\n}\r\n.shortcode-gallery__title {\r\n\tmargin-bottom: 35px;\r\n\tfont-family: \"Tenor Sans\",sans-serif;\r\n\tfont-size: 1.5rem;\r\n\tfont-weight: 400;\r\n\tline-height: 1.75rem;\r\n}\r\n@media (mim-width: 992px) {\r\n\t.shortcode-gallery__title {\r\n\t\tfont-size: 2.125rem;\r\n\t\tline-height: 3rem;\r\n\t}\r\n}\r\n.shortcode-gallery__images {\r\n\tgap: 10px;\r\n}\r\n.shortcode-gallery__link {\r\n\tdisplay: block;\r\n}\r\n.shortcode-gallery__link:hover {\r\n\ttext-decoration: none;\r\n}\r\n.shortcode-gallery__image {\r\n\twidth: 200px;\r\n\theight: 200px;\r\n\tobject-fit: cover;\r\n\tborder-radius: 20px;\r\n}\r\n.shortcode-gallery__desc {\r\n\tmax-width: 190px;\r\n\tmargin: 10px auto;\r\n\tfont-size: .8rem;\r\n\tfont-weight: 400;\r\n\tline-height: 1.2;\r\n}\r\n.glightbox-clean .gslide-desc {\r\n\ttext-align: center;\r\n\tfont-family: Montserrat,sans-serif;\r\n\tfont-size: 1rem;\r\n}\r\n.gslide-image img {\r\n\tmax-width: 85vw;\r\n\tobject-fit: contain;\r\n}\r\n<\/style>\r\n\t\t\t<section class=\"shortcode-gallery\">\r\n\t\t\t\t\t<h3 class=\"shortcode-gallery__title\">Efekty przed i po<\/h3>\r\n\t\t\r\n\t\t\t\t\t<div class=\"shortcode-gallery__images d-flex flex-wrap justify-content-center\">\r\n\t\t\t\t\t\t\t<a class=\"shortcode-gallery__link glightbox\" href=\"https:\/\/neonia.com.pl\/wp-content\/uploads\/2023\/11\/Laserowe-usuwanie-rozstepow-scaled.jpg\" data-height=\"80vh\">\r\n\t\t\t\t\t<img decoding=\"async\" class=\"shortcode-gallery__image smush-dimensions lazyload\" data-src=\"https:\/\/neonia.com.pl\/wp-content\/uploads\/2023\/11\/Laserowe-usuwanie-rozstepow-300x300.jpg\" alt=\"strech marks removal\" width=\"300\" style=\"--smush-image-width: 300px; --smush-image-aspect-ratio: 300\/300;\" src=\"data:image\/svg+xml;base64,PHN2ZyB3aWR0aD0iMSIgaGVpZ2h0PSIxIiB4bWxucz0iaHR0cDovL3d3dy53My5vcmcvMjAwMC9zdmciPjwvc3ZnPg==\" data-srcset=\"https:\/\/neonia.com.pl\/wp-content\/uploads\/2023\/11\/Laserowe-usuwanie-rozstepow-300x300.jpg 300w, https:\/\/neonia.com.pl\/wp-content\/uploads\/2023\/11\/Laserowe-usuwanie-rozstepow-scaled.jpg 1500w, https:\/\/neonia.com.pl\/wp-content\/uploads\/2023\/11\/Laserowe-usuwanie-rozstepow-400x400.jpg 400w, https:\/\/neonia.com.pl\/wp-content\/uploads\/2023\/11\/Laserowe-usuwanie-rozstepow-768x768.jpg 768w, https:\/\/neonia.com.pl\/wp-content\/uploads\/2023\/11\/Laserowe-usuwanie-rozstepow-1536x1536.jpg 1536w, https:\/\/neonia.com.pl\/wp-content\/uploads\/2023\/11\/Laserowe-usuwanie-rozstepow-2048x2048.jpg 2048w, https:\/\/neonia.com.pl\/wp-content\/uploads\/2023\/11\/Laserowe-usuwanie-rozstepow-70x70.jpg 70w, https:\/\/neonia.com.pl\/wp-content\/uploads\/2023\/11\/Laserowe-usuwanie-rozstepow-1000x1000.jpg 1000w, https:\/\/neonia.com.pl\/wp-content\/uploads\/2023\/11\/Laserowe-usuwanie-rozstepow-800x800.jpg 800w, https:\/\/neonia.com.pl\/wp-content\/uploads\/2023\/11\/Laserowe-usuwanie-rozstepow-500x500.jpg 500w\" data-sizes=\"auto\" data-original-sizes=\"(max-width: 300px) 100vw, 300px\">\r\n\t\t\t\t\t\t\t\t\t<\/a>\r\n\t\t\t\t\t\t\t<a class=\"shortcode-gallery__link glightbox\" href=\"https:\/\/neonia.com.pl\/wp-content\/uploads\/2023\/11\/Usuwanie-rozstepow-po-ciazy-scaled.jpg\" data-height=\"80vh\">\r\n\t\t\t\t\t<img decoding=\"async\" class=\"shortcode-gallery__image smush-dimensions lazyload\" data-src=\"https:\/\/neonia.com.pl\/wp-content\/uploads\/2023\/11\/Usuwanie-rozstepow-po-ciazy-300x300.jpg\" alt=\"Usuwanie rozst\u0119p\u00f3w po ci\u0105\u017cy\" width=\"300\" style=\"--smush-image-width: 300px; --smush-image-aspect-ratio: 300\/300;\" src=\"data:image\/svg+xml;base64,PHN2ZyB3aWR0aD0iMSIgaGVpZ2h0PSIxIiB4bWxucz0iaHR0cDovL3d3dy53My5vcmcvMjAwMC9zdmciPjwvc3ZnPg==\" data-srcset=\"https:\/\/neonia.com.pl\/wp-content\/uploads\/2023\/11\/Usuwanie-rozstepow-po-ciazy-300x300.jpg 300w, https:\/\/neonia.com.pl\/wp-content\/uploads\/2023\/11\/Usuwanie-rozstepow-po-ciazy-scaled.jpg 1500w, https:\/\/neonia.com.pl\/wp-content\/uploads\/2023\/11\/Usuwanie-rozstepow-po-ciazy-400x400.jpg 400w, https:\/\/neonia.com.pl\/wp-content\/uploads\/2023\/11\/Usuwanie-rozstepow-po-ciazy-768x768.jpg 768w, https:\/\/neonia.com.pl\/wp-content\/uploads\/2023\/11\/Usuwanie-rozstepow-po-ciazy-1536x1536.jpg 1536w, https:\/\/neonia.com.pl\/wp-content\/uploads\/2023\/11\/Usuwanie-rozstepow-po-ciazy-70x70.jpg 70w, https:\/\/neonia.com.pl\/wp-content\/uploads\/2023\/11\/Usuwanie-rozstepow-po-ciazy-1000x1000.jpg 1000w, https:\/\/neonia.com.pl\/wp-content\/uploads\/2023\/11\/Usuwanie-rozstepow-po-ciazy-800x800.jpg 800w, https:\/\/neonia.com.pl\/wp-content\/uploads\/2023\/11\/Usuwanie-rozstepow-po-ciazy-500x500.jpg 500w\" data-sizes=\"auto\" data-original-sizes=\"(max-width: 300px) 100vw, 300px\">\r\n\t\t\t\t\t\t\t\t\t<\/a>\r\n\t\t\t\t\t\t\t<a class=\"shortcode-gallery__link glightbox\" href=\"https:\/\/neonia.com.pl\/wp-content\/uploads\/2023\/11\/Usuwanie-rozstepow-efekty-scaled.jpg\" data-height=\"80vh\">\r\n\t\t\t\t\t<img decoding=\"async\" class=\"shortcode-gallery__image smush-dimensions lazyload\" data-src=\"https:\/\/neonia.com.pl\/wp-content\/uploads\/2023\/11\/Usuwanie-rozstepow-efekty-300x300.jpg\" alt=\"strech marks removal\" width=\"300\" style=\"--smush-image-width: 300px; --smush-image-aspect-ratio: 300\/300;\" src=\"data:image\/svg+xml;base64,PHN2ZyB3aWR0aD0iMSIgaGVpZ2h0PSIxIiB4bWxucz0iaHR0cDovL3d3dy53My5vcmcvMjAwMC9zdmciPjwvc3ZnPg==\" data-srcset=\"https:\/\/neonia.com.pl\/wp-content\/uploads\/2023\/11\/Usuwanie-rozstepow-efekty-300x300.jpg 300w, https:\/\/neonia.com.pl\/wp-content\/uploads\/2023\/11\/Usuwanie-rozstepow-efekty-scaled.jpg 1500w, https:\/\/neonia.com.pl\/wp-content\/uploads\/2023\/11\/Usuwanie-rozstepow-efekty-400x400.jpg 400w, https:\/\/neonia.com.pl\/wp-content\/uploads\/2023\/11\/Usuwanie-rozstepow-efekty-768x768.jpg 768w, https:\/\/neonia.com.pl\/wp-content\/uploads\/2023\/11\/Usuwanie-rozstepow-efekty-1536x1536.jpg 1536w, https:\/\/neonia.com.pl\/wp-content\/uploads\/2023\/11\/Usuwanie-rozstepow-efekty-2048x2048.jpg 2048w, https:\/\/neonia.com.pl\/wp-content\/uploads\/2023\/11\/Usuwanie-rozstepow-efekty-70x70.jpg 70w, https:\/\/neonia.com.pl\/wp-content\/uploads\/2023\/11\/Usuwanie-rozstepow-efekty-1000x1000.jpg 1000w, https:\/\/neonia.com.pl\/wp-content\/uploads\/2023\/11\/Usuwanie-rozstepow-efekty-800x800.jpg 800w, https:\/\/neonia.com.pl\/wp-content\/uploads\/2023\/11\/Usuwanie-rozstepow-efekty-500x500.jpg 500w\" data-sizes=\"auto\" data-original-sizes=\"(max-width: 300px) 100vw, 300px\">\r\n\t\t\t\t\t\t\t\t\t<\/a>\r\n\t\t\t\t\t\t\t<a class=\"shortcode-gallery__link glightbox\" href=\"https:\/\/neonia.com.pl\/wp-content\/uploads\/2023\/11\/Usuwanie-rozstepow-Krakow-scaled.jpg\" data-height=\"80vh\">\r\n\t\t\t\t\t<img decoding=\"async\" class=\"shortcode-gallery__image smush-dimensions lazyload\" data-src=\"https:\/\/neonia.com.pl\/wp-content\/uploads\/2023\/11\/Usuwanie-rozstepow-Krakow-300x300.jpg\" alt=\"strech marks removal\" width=\"300\" style=\"--smush-image-width: 300px; --smush-image-aspect-ratio: 300\/300;\" src=\"data:image\/svg+xml;base64,PHN2ZyB3aWR0aD0iMSIgaGVpZ2h0PSIxIiB4bWxucz0iaHR0cDovL3d3dy53My5vcmcvMjAwMC9zdmciPjwvc3ZnPg==\" data-srcset=\"https:\/\/neonia.com.pl\/wp-content\/uploads\/2023\/11\/Usuwanie-rozstepow-Krakow-300x300.jpg 300w, https:\/\/neonia.com.pl\/wp-content\/uploads\/2023\/11\/Usuwanie-rozstepow-Krakow-scaled.jpg 1500w, https:\/\/neonia.com.pl\/wp-content\/uploads\/2023\/11\/Usuwanie-rozstepow-Krakow-400x400.jpg 400w, https:\/\/neonia.com.pl\/wp-content\/uploads\/2023\/11\/Usuwanie-rozstepow-Krakow-768x768.jpg 768w, https:\/\/neonia.com.pl\/wp-content\/uploads\/2023\/11\/Usuwanie-rozstepow-Krakow-1536x1536.jpg 1536w, https:\/\/neonia.com.pl\/wp-content\/uploads\/2023\/11\/Usuwanie-rozstepow-Krakow-70x70.jpg 70w, https:\/\/neonia.com.pl\/wp-content\/uploads\/2023\/11\/Usuwanie-rozstepow-Krakow-1000x1000.jpg 1000w, https:\/\/neonia.com.pl\/wp-content\/uploads\/2023\/11\/Usuwanie-rozstepow-Krakow-800x800.jpg 800w, https:\/\/neonia.com.pl\/wp-content\/uploads\/2023\/11\/Usuwanie-rozstepow-Krakow-500x500.jpg 500w\" data-sizes=\"auto\" data-original-sizes=\"(max-width: 300px) 100vw, 300px\">\r\n\t\t\t\t\t\t\t\t\t<\/a>\r\n\t\t\t\t\t\t\t<a class=\"shortcode-gallery__link glightbox\" href=\"https:\/\/neonia.com.pl\/wp-content\/uploads\/2023\/11\/Usuwanie-rozstepow-na-brzuchu-efekty-scaled.jpg\" data-height=\"80vh\">\r\n\t\t\t\t\t<img decoding=\"async\" class=\"shortcode-gallery__image smush-dimensions lazyload\" data-src=\"https:\/\/neonia.com.pl\/wp-content\/uploads\/2023\/11\/Usuwanie-rozstepow-na-brzuchu-efekty-300x300.jpg\" alt=\"Usuwanie rozst\u0119p\u00f3w na brzuchu efekty\" width=\"300\" style=\"--smush-image-width: 300px; --smush-image-aspect-ratio: 300\/300;\" src=\"data:image\/svg+xml;base64,PHN2ZyB3aWR0aD0iMSIgaGVpZ2h0PSIxIiB4bWxucz0iaHR0cDovL3d3dy53My5vcmcvMjAwMC9zdmciPjwvc3ZnPg==\" data-srcset=\"https:\/\/neonia.com.pl\/wp-content\/uploads\/2023\/11\/Usuwanie-rozstepow-na-brzuchu-efekty-300x300.jpg 300w, https:\/\/neonia.com.pl\/wp-content\/uploads\/2023\/11\/Usuwanie-rozstepow-na-brzuchu-efekty-scaled.jpg 1500w, https:\/\/neonia.com.pl\/wp-content\/uploads\/2023\/11\/Usuwanie-rozstepow-na-brzuchu-efekty-400x400.jpg 400w, https:\/\/neonia.com.pl\/wp-content\/uploads\/2023\/11\/Usuwanie-rozstepow-na-brzuchu-efekty-768x768.jpg 768w, https:\/\/neonia.com.pl\/wp-content\/uploads\/2023\/11\/Usuwanie-rozstepow-na-brzuchu-efekty-1536x1536.jpg 1536w, https:\/\/neonia.com.pl\/wp-content\/uploads\/2023\/11\/Usuwanie-rozstepow-na-brzuchu-efekty-70x70.jpg 70w, https:\/\/neonia.com.pl\/wp-content\/uploads\/2023\/11\/Usuwanie-rozstepow-na-brzuchu-efekty-1000x1000.jpg 1000w, https:\/\/neonia.com.pl\/wp-content\/uploads\/2023\/11\/Usuwanie-rozstepow-na-brzuchu-efekty-800x800.jpg 800w, https:\/\/neonia.com.pl\/wp-content\/uploads\/2023\/11\/Usuwanie-rozstepow-na-brzuchu-efekty-500x500.jpg 500w\" data-sizes=\"auto\" data-original-sizes=\"(max-width: 300px) 100vw, 300px\">\r\n\t\t\t\t\t\t\t\t\t<\/a>\r\n\t\t\t\t\t\t\t<a class=\"shortcode-gallery__link glightbox\" href=\"https:\/\/neonia.com.pl\/wp-content\/uploads\/2023\/11\/Laserowe-usuwanie-rozstepow-Krakow-scaled.jpg\" data-height=\"80vh\">\r\n\t\t\t\t\t<img decoding=\"async\" class=\"shortcode-gallery__image smush-dimensions lazyload\" data-src=\"https:\/\/neonia.com.pl\/wp-content\/uploads\/2023\/11\/Laserowe-usuwanie-rozstepow-Krakow-300x300.jpg\" alt=\"Laserowe usuwanie rozst\u0119p\u00f3w Krak\u00f3w\" width=\"300\" style=\"--smush-image-width: 300px; --smush-image-aspect-ratio: 300\/300;\" src=\"data:image\/svg+xml;base64,PHN2ZyB3aWR0aD0iMSIgaGVpZ2h0PSIxIiB4bWxucz0iaHR0cDovL3d3dy53My5vcmcvMjAwMC9zdmciPjwvc3ZnPg==\" data-srcset=\"https:\/\/neonia.com.pl\/wp-content\/uploads\/2023\/11\/Laserowe-usuwanie-rozstepow-Krakow-300x300.jpg 300w, https:\/\/neonia.com.pl\/wp-content\/uploads\/2023\/11\/Laserowe-usuwanie-rozstepow-Krakow-scaled.jpg 1500w, https:\/\/neonia.com.pl\/wp-content\/uploads\/2023\/11\/Laserowe-usuwanie-rozstepow-Krakow-400x400.jpg 400w, https:\/\/neonia.com.pl\/wp-content\/uploads\/2023\/11\/Laserowe-usuwanie-rozstepow-Krakow-768x768.jpg 768w, https:\/\/neonia.com.pl\/wp-content\/uploads\/2023\/11\/Laserowe-usuwanie-rozstepow-Krakow-1536x1536.jpg 1536w, https:\/\/neonia.com.pl\/wp-content\/uploads\/2023\/11\/Laserowe-usuwanie-rozstepow-Krakow-70x70.jpg 70w, https:\/\/neonia.com.pl\/wp-content\/uploads\/2023\/11\/Laserowe-usuwanie-rozstepow-Krakow-1000x1000.jpg 1000w, https:\/\/neonia.com.pl\/wp-content\/uploads\/2023\/11\/Laserowe-usuwanie-rozstepow-Krakow-800x800.jpg 800w, https:\/\/neonia.com.pl\/wp-content\/uploads\/2023\/11\/Laserowe-usuwanie-rozstepow-Krakow-500x500.jpg 500w\" data-sizes=\"auto\" data-original-sizes=\"(max-width: 300px) 100vw, 300px\">\r\n\t\t\t\t\t\t\t\t\t<\/a>\r\n\t\t\t\t\t\t\t<a class=\"shortcode-gallery__link glightbox\" href=\"https:\/\/neonia.com.pl\/wp-content\/uploads\/2023\/11\/Usuwanie-rozstepow-na-udach-scaled.jpg\" data-height=\"80vh\">\r\n\t\t\t\t\t<img decoding=\"async\" class=\"shortcode-gallery__image smush-dimensions lazyload\" data-src=\"https:\/\/neonia.com.pl\/wp-content\/uploads\/2023\/11\/Usuwanie-rozstepow-na-udach-300x300.jpg\" alt=\"Usuwanie rozst\u0119p\u00f3w na udach\" width=\"300\" style=\"--smush-image-width: 300px; --smush-image-aspect-ratio: 300\/300;\" src=\"data:image\/svg+xml;base64,PHN2ZyB3aWR0aD0iMSIgaGVpZ2h0PSIxIiB4bWxucz0iaHR0cDovL3d3dy53My5vcmcvMjAwMC9zdmciPjwvc3ZnPg==\" data-srcset=\"https:\/\/neonia.com.pl\/wp-content\/uploads\/2023\/11\/Usuwanie-rozstepow-na-udach-300x300.jpg 300w, https:\/\/neonia.com.pl\/wp-content\/uploads\/2023\/11\/Usuwanie-rozstepow-na-udach-scaled.jpg 1500w, https:\/\/neonia.com.pl\/wp-content\/uploads\/2023\/11\/Usuwanie-rozstepow-na-udach-400x400.jpg 400w, https:\/\/neonia.com.pl\/wp-content\/uploads\/2023\/11\/Usuwanie-rozstepow-na-udach-768x768.jpg 768w, https:\/\/neonia.com.pl\/wp-content\/uploads\/2023\/11\/Usuwanie-rozstepow-na-udach-1536x1536.jpg 1536w, https:\/\/neonia.com.pl\/wp-content\/uploads\/2023\/11\/Usuwanie-rozstepow-na-udach-70x70.jpg 70w, https:\/\/neonia.com.pl\/wp-content\/uploads\/2023\/11\/Usuwanie-rozstepow-na-udach-1000x1000.jpg 1000w, https:\/\/neonia.com.pl\/wp-content\/uploads\/2023\/11\/Usuwanie-rozstepow-na-udach-800x800.jpg 800w, https:\/\/neonia.com.pl\/wp-content\/uploads\/2023\/11\/Usuwanie-rozstepow-na-udach-500x500.jpg 500w\" data-sizes=\"auto\" data-original-sizes=\"(max-width: 300px) 100vw, 300px\">\r\n\t\t\t\t\t\t\t\t\t<\/a>\r\n\t\t\t\t\t\t\t<a class=\"shortcode-gallery__link glightbox\" href=\"https:\/\/neonia.com.pl\/wp-content\/uploads\/2023\/11\/Usuwanie-starych-rozstepow.png\" data-height=\"80vh\">\r\n\t\t\t\t\t<img decoding=\"async\" class=\"shortcode-gallery__image smush-dimensions lazyload\" data-src=\"https:\/\/neonia.com.pl\/wp-content\/uploads\/2023\/11\/Usuwanie-starych-rozstepow-300x134.png\" alt=\"Usuwanie starych rozst\u0119p\u00f3w\" width=\"300\" style=\"--smush-image-width: 300px; --smush-image-aspect-ratio: 300\/134;\" src=\"data:image\/svg+xml;base64,PHN2ZyB3aWR0aD0iMSIgaGVpZ2h0PSIxIiB4bWxucz0iaHR0cDovL3d3dy53My5vcmcvMjAwMC9zdmciPjwvc3ZnPg==\" data-srcset=\"https:\/\/neonia.com.pl\/wp-content\/uploads\/2023\/11\/Usuwanie-starych-rozstepow-300x134.png 300w, https:\/\/neonia.com.pl\/wp-content\/uploads\/2023\/11\/Usuwanie-starych-rozstepow-768x344.png 768w, https:\/\/neonia.com.pl\/wp-content\/uploads\/2023\/11\/Usuwanie-starych-rozstepow-1000x447.png 1000w, https:\/\/neonia.com.pl\/wp-content\/uploads\/2023\/11\/Usuwanie-starych-rozstepow-800x358.png 800w, https:\/\/neonia.com.pl\/wp-content\/uploads\/2023\/11\/Usuwanie-starych-rozstepow-500x224.png 500w, https:\/\/neonia.com.pl\/wp-content\/uploads\/2023\/11\/Usuwanie-starych-rozstepow.png 1361w\" data-sizes=\"auto\" data-original-sizes=\"(max-width: 300px) 100vw, 300px\">\r\n\t\t\t\t\t\t\t\t\t<\/a>\r\n\t\t\t\t\t\t\t<a class=\"shortcode-gallery__link glightbox\" href=\"https:\/\/neonia.com.pl\/wp-content\/uploads\/2023\/11\/Usuwanie-rozstepow-na-brzuchu-scaled.jpeg\" data-height=\"80vh\">\r\n\t\t\t\t\t<img decoding=\"async\" class=\"shortcode-gallery__image smush-dimensions lazyload\" data-src=\"https:\/\/neonia.com.pl\/wp-content\/uploads\/2023\/11\/Usuwanie-rozstepow-na-brzuchu-300x300.jpeg\" alt=\"Usuwanie rozst\u0119p\u00f3w na brzuchu\" width=\"300\" style=\"--smush-image-width: 300px; --smush-image-aspect-ratio: 300\/300;\" src=\"data:image\/svg+xml;base64,PHN2ZyB3aWR0aD0iMSIgaGVpZ2h0PSIxIiB4bWxucz0iaHR0cDovL3d3dy53My5vcmcvMjAwMC9zdmciPjwvc3ZnPg==\" data-srcset=\"https:\/\/neonia.com.pl\/wp-content\/uploads\/2023\/11\/Usuwanie-rozstepow-na-brzuchu-300x300.jpeg 300w, https:\/\/neonia.com.pl\/wp-content\/uploads\/2023\/11\/Usuwanie-rozstepow-na-brzuchu-scaled.jpeg 1500w, https:\/\/neonia.com.pl\/wp-content\/uploads\/2023\/11\/Usuwanie-rozstepow-na-brzuchu-400x400.jpeg 400w, https:\/\/neonia.com.pl\/wp-content\/uploads\/2023\/11\/Usuwanie-rozstepow-na-brzuchu-768x768.jpeg 768w, https:\/\/neonia.com.pl\/wp-content\/uploads\/2023\/11\/Usuwanie-rozstepow-na-brzuchu-1536x1536.jpeg 1536w, https:\/\/neonia.com.pl\/wp-content\/uploads\/2023\/11\/Usuwanie-rozstepow-na-brzuchu-2048x2048.jpeg 2048w, https:\/\/neonia.com.pl\/wp-content\/uploads\/2023\/11\/Usuwanie-rozstepow-na-brzuchu-70x70.jpeg 70w, https:\/\/neonia.com.pl\/wp-content\/uploads\/2023\/11\/Usuwanie-rozstepow-na-brzuchu-1000x1000.jpeg 1000w, https:\/\/neonia.com.pl\/wp-content\/uploads\/2023\/11\/Usuwanie-rozstepow-na-brzuchu-800x800.jpeg 800w, https:\/\/neonia.com.pl\/wp-content\/uploads\/2023\/11\/Usuwanie-rozstepow-na-brzuchu-500x500.jpeg 500w\" data-sizes=\"auto\" data-original-sizes=\"(max-width: 300px) 100vw, 300px\">\r\n\t\t\t\t\t\t\t\t\t<\/a>\r\n\t\t\t\t\t\t<\/div>\r\n\t\t\t\t<\/section>\r\n\t\n<h2>How to remove stretch marks?<\/h2>\n<p>One of the most effective ways to\u00a0<strong>eliminate stretch marks<\/strong>\u00a0is laser stretch marks removal. Fractional iPixel laser stimulates skin remodelling by stimulating the synthesis of collagen fibers. Laser beams emitted by the laser lead to microdamage of the skin, which then heal by smoothening stretch marks. It doesn\u2019t cause any damage to the entire surface of the skin, only the creation of a large number of microscopic injuries surrounded by healthy tissue that ensures a very effective skin renewal. The procedure is carried out under local anaesthesia.<\/p>\n<p>The best effects of\u00a0<strong>removing stretch marks<\/strong>\u00a0with fractional laser are noticeable after a series of treatments \u2013 several treatments performed at intervals of several weeks are the most optimal.<\/p>\n<p><strong>An effective method for removing stretch marks after pregnancy<\/strong>\u00a0or caused by other causes is needle mesotherapy, i.e. introducing nutrients into the skin using a thin needle. Thanks to this form of serving a nutrient cocktail, active compounds act in the deep layers of the skin, and the additional benefits result from local skin needling. It stimulates the formation of controlled inflammation, skin remodelling and stretch marks smoothening. The use of platelet rich plasma, rich in peptides and growth factors is another effective form of therapy. The safety of therapy results from the use of plasma obtained from the patient\u2019s blood, and the effectiveness \u2013 from the high concentration of compounds stimulating skin renewal, as well as the administration of intradermal plasma.<\/p>\n<h2>Peels for stretch marks<\/h2>\n<p>Peels are the treatments supporting\u00a0<strong>stretch marks removal located on the abdomen and breasts<\/strong>\u00a0after pregnancy. Medical scrubs for stretch marks enable safe and effective exfoliation of the skin, which stimulates its reconstruction and remodelling of the surface. Renewing layers of the skin are smoother, with noticeably reduced visibility of stretch marks. LPG Alliance Endermology treatment, i.e. intensive skin stimulation with the use of skin massage can be performed as supportive treatment for stretch marks. This non-invasive procedure stimulates blood circulation, which promotes skin oxygenation and detoxification, as well as it\u2019s firming.<\/p>\n<p><strong>Stretch marks elimination<\/strong>\u00a0takes time; the best results are achieved by performing a series of several treatments of a certain type, and it is even better to combine several methods of fighting stretch marks in one therapy. It is worth undergoing such treatments \u2013 it is the only effective method that is leading to complete\u00a0<strong>stretch marks removal<\/strong>\u00a0or their significant reduction. The effects of such therapy are constant and additionally benefit in firming and rejuvenation of the skin in treated areas.<\/p>\n","protected":false},"excerpt":{"rendered":"<p>Stretch marks are a specific type of scars \u2013 they are not created by skin wounds or it\u2019s continuity breaking. They are the result of excessive skin stretching or its shrinkage, which leads to the impairment of the function of fibroblasts, or cells, that synthesize collagen and elastin. Weakening of collagen and elastin fibers is [&hellip;]<\/p>\n","protected":false},"author":1,"featured_media":0,"parent":0,"menu_order":14,"comment_status":"closed","ping_status":"closed","template":"page-templates\/treatment.php","meta":{"_acf_changed":false,"footnotes":""},"categories":[27],"class_list":["post-628650","page","type-page","status-publish","hentry","category-treatments-en"],"acf":[],"_links":{"self":[{"href":"https:\/\/neonia.com.pl\/en\/wp-json\/wp\/v2\/pages\/628650","targetHints":{"allow":["GET"]}}],"collection":[{"href":"https:\/\/neonia.com.pl\/en\/wp-json\/wp\/v2\/pages"}],"about":[{"href":"https:\/\/neonia.com.pl\/en\/wp-json\/wp\/v2\/types\/page"}],"author":[{"embeddable":true,"href":"https:\/\/neonia.com.pl\/en\/wp-json\/wp\/v2\/users\/1"}],"replies":[{"embeddable":true,"href":"https:\/\/neonia.com.pl\/en\/wp-json\/wp\/v2\/comments?post=628650"}],"version-history":[{"count":1,"href":"https:\/\/neonia.com.pl\/en\/wp-json\/wp\/v2\/pages\/628650\/revisions"}],"predecessor-version":[{"id":641723,"href":"https:\/\/neonia.com.pl\/en\/wp-json\/wp\/v2\/pages\/628650\/revisions\/641723"}],"wp:attachment":[{"href":"https:\/\/neonia.com.pl\/en\/wp-json\/wp\/v2\/media?parent=628650"}],"wp:term":[{"taxonomy":"category","embeddable":true,"href":"https:\/\/neonia.com.pl\/en\/wp-json\/wp\/v2\/categories?post=628650"}],"curies":[{"name":"wp","href":"https:\/\/api.w.org\/{rel}","templated":true}]}}