{"id":628457,"date":"2023-01-13T18:59:27","date_gmt":"2023-01-13T17:59:27","guid":{"rendered":"https:\/\/nowa-neonia.dev.justidea.pl\/rodo\/"},"modified":"2023-07-03T14:55:57","modified_gmt":"2023-07-03T12:55:57","slug":"rodo","status":"publish","type":"page","link":"https:\/\/neonia.com.pl\/en\/rodo\/","title":{"rendered":"Regulamin przetwarzania danych osobowych przez Neonia sp\u00f3\u0142ka z ograniczon\u0105 odpowiedzialno\u015bci\u0105 &#8211; Neonia"},"content":{"rendered":"\r\n<h2 class=\"wp-block-heading\">1. Dlaczego przygotowali\u015bmy ten regulamin?<\/h2>\r\n<p>Prowadzona przez Neonia sp. z o.o. dzia\u0142alno\u015b\u0107 wi\u0105\u017ce si\u0119 z przetwarzaniem danych osobowych Klient\u00f3w. Proces ten musi by\u0107 nie tylko zgodny z przepisami prawa, ale r\u00f3wnie\u017c rzetelny i przejrzysty. W zwi\u0105zku z tym chcemy poinformowa\u0107 o celach i zasadach na jakich przetwarzamy Pa\u0144stwa dane osobowe, a tak\u017ce wskaza\u0107 prawa jakie przys\u0142uguj\u0105 Pa\u0144stwu w zwi\u0105zku z przetwarzaniem danych osobowych. Przejrzysta i szczeg\u00f3\u0142owa informacja na ten temat jest jednym z element\u00f3w realizacji wymog\u00f3w Rozporz\u0105dzenia Parlamentu Europejskiego i Rady (UE) 2016\/679 z dnia 27 kwietnia 2016 r. w sprawie ochrony os\u00f3b fizycznych w zwi\u0105zku z przetwarzaniem danych osobowych i w sprawie swobodnego przep\u0142ywu takich danych oraz uchylenia dyrektywy 95\/46\/WE, powszechnie zwanego Rozporz\u0105dzeniem o Ochronie Danych Osobowych (dalej jako \u201eRODO\u201d).<\/p>\r\n<h2>2. Jak pozyskali\u015bmy Pa\u0144stwa dane osobowe?<\/h2>\r\n<p>Pa\u0144stwa dane osobowe pozyskujemy w zwi\u0105zku z zakupami dokonywanymi przez Pa\u0144stwa w naszym sklepie internetowym dost\u0119pnym pod adresem\u00a0<a href=\"https:\/\/neonia.com.pl\/\" rel=\"dofollow\">www.neonia.com.pl<\/a>, a tak\u017ce w zwi\u0105zku z realizacj\u0105 us\u0142ug Kliniki medycyny estetycznej Neonia lub za pomoc\u0105 innych form marketingu realizowanych przez nas.<\/p>\r\n<h2>3. Neonia sp. z o.o. jest administratorem Pa\u0144stwa danych osobowych. Co to oznacza?<\/h2>\r\n<p>Sp\u00f3\u0142ka Neonia ustala cele i sposoby przetwarzania Pa\u0144stwa danych osobowych. Z tego wzgl\u0119du jest odpowiedzialna za ich przetwarzanie zgodnie z przepisami prawa, w tym z RODO, kt\u00f3re chroni podstawowe prawa i wolno\u015bci os\u00f3b fizycznych, w szczeg\u00f3lno\u015bci prawo do ochrony danych osobowych.<\/p>\r\n<h2>4. W jaki spos\u00f3b skontaktowa\u0107 si\u0119 z Klinik\u0105 medycyny estetycznej Neonia w sprawie danych osobowych?<\/h2>\r\n<p>Kontakt z administratorem danych osobowych mo\u017cliwy jest pod adresem e-mail:\u00a0<a href=\"mailto:bok@neonia.com.pl\" rel=\"dofollow\">bok@neonia.com.pl<\/a><\/p>\r\n<h2>5. Jakie s\u0105 cele i podstawy przetwarzania Pa\u0144stwa danych osobowych:<\/h2>\r\n<p>Celem przetwarzania danych jest podj\u0119cie dzia\u0142a\u0144 maj\u0105cych skutkowa\u0107 zawarciem umowy oraz jej wykonaniem. Przedmiotem takich dzia\u0142a\u0144 mog\u0105 by\u0107: sprzeda\u017c towar\u00f3w lub us\u0142ug, \u015bwiadczenie us\u0142ug drog\u0105 elektroniczn\u0105 np. newsletter, wyra\u017canie opinii, ocen lub komentarzy, obs\u0142uga Pa\u0144stwa zg\u0142osze\u0144, a tak\u017ce bie\u017c\u0105cy kontakt z Pa\u0144stwem w powy\u017cszym zakresie. W takich przypadkach podstaw\u0105 przetwarzania danych jest ich niezb\u0119dno\u015b\u0107 do wykonania umowy lub do podj\u0119cia niezb\u0119dnych dzia\u0142a\u0144 przed zawarciem umowy (art. 6 ust. 1 b RODO). Zgodnie z obowi\u0105zuj\u0105cymi przepisami, podstaw\u0105 przetwarzania danych b\u0119dzie r\u00f3wnie\u017c, ich niezb\u0119dno\u015b\u0107 do wype\u0142nienia obowi\u0105zku prawnego ci\u0105\u017c\u0105cego na na Klinice medycyny estetycznej Neonia (art. 6 ust. 1 c RODO), a w szczeg\u00f3lno\u015bci: wystawianie i przechowywanie faktur oraz dokument\u00f3w ksi\u0119gowych, rozpatrywanie reklamacji, udostepnienie danych organom pa\u0144stwowym w granicach i na podstawie przepis\u00f3w prawa np. dla cel\u00f3w podatkowych i rachunkowych. Neonia sp. z o.o. przetwarza Pa\u0144stwa dane osobowe tak\u017ce na podstawie prawnie uzasadnionych interes\u00f3w, zgodnie z art. 6 ust. 1 f RODO). Przyk\u0142adami takich dzia\u0142a\u0144 s\u0105: marketing bezpo\u015bredni produkt\u00f3w i us\u0142ug Neonia sp. z o.o.; zasi\u0119ganie opinii lub badanie satysfakcji w celu poprawy jako\u015bci \u015bwiadczonych us\u0142ug; wsparcie us\u0142ug p\u0142atniczych, kredytowych; zarz\u0105dzanie aktywno\u015bci\u0105 na stronach internetowych Neonia sp. z o.o. poprzez jej monitorowanie pod k\u0105tem poprawy funkcjonalno\u015bci obs\u0142ugi, analizy potrzeb, dopasowania reklam zgodnie z uprzednio przegl\u0105danymi tre\u015bciami; obs\u0142uga komunikat\u00f3w, opinii lub pr\u00f3\u015bb, gdy nie s\u0105 one zwi\u0105zane z realizacj\u0105 umowy; wykrywanie i przeciwdzia\u0142anie nadu\u017cyciom; dochodzenie lub obrona przez roszczeniami; prowadzenie post\u0119powa\u0144 przed organami w\u0142adzy publicznej lub s\u0105dami; ochrona mienia, zdrowia i \u017cycia poprzez rejestrowanie obrazu (monitoring) terenu Kliniki medycyny estetycznej Neonia; tworzenie analiz, zestawie\u0144, statystyk oraz archiwizacja, w tym zapewnienie rozliczalno\u015bci (wykazania spe\u0142nienia przez Neonia sp. z o.o. obowi\u0105zk\u00f3w wynikaj\u0105cych z przepis\u00f3w prawa). W przypadku wyra\u017cenia zgody na przetwarzanie danych osobowych, zgoda ta b\u0119dzie podstaw\u0105 przetwarzania danych (art. 6 ust. 1 a RODO), a tre\u015b\u0107 tej zgody ka\u017cdorazowo b\u0119dzie okre\u015bla\u0107 cel przetwarzania danych. Zgod\u0119 na przetwarzanie danych osobowych, mo\u017cna wycofa\u0107 w dowolnym momencie.<\/p>\r\n<h2>6. Czy podanie danych osobowych jest obowi\u0105zkowe?<\/h2>\r\n<p>Podanie przez Pa\u0144stwa danych osobowych jest warunkiem zawarcia umowy. W przypadku, gdy wymagaj\u0105 tego przepisy prawa, mo\u017cemy wymaga\u0107 podania innych danych wymaganych przez te przepisy, np. NIP. Odmowa podania danych w zakresie niezb\u0119dnym do zawarcia lub realizacji umowy oraz w zakresie wymaganym przez przepisy prawa b\u0119dzie uniemo\u017cliwia\u0142a jej zawarcie. Podanie danych osobowych w celu zawarcia umowy jest dobrowolne.<\/p>\r\n<h2>7. Kto poza Neonia sp. z o.o. ma dost\u0119p do Pa\u0144stwa danych osobowych?<\/h2>\r\n<p>W zwi\u0105zku z przetwarzaniem danych w celach i na podstawach opisanych powy\u017cej (pkt. 5), dane osobowe mog\u0105 by\u0107 udost\u0119pniane nast\u0119puj\u0105cym kategoriom odbiorc\u00f3w: podmiotom uczestnicz\u0105cym w procesach niezb\u0119dnych do wykonania umowy, w tym zapewniaj\u0105cym: us\u0142ugi p\u0142atnicze, us\u0142ugi \u015bwiadczone drog\u0105 elektroniczn\u0105; podmiotom obs\u0142uguj\u0105cym nasze systemy teleinformatyczne np. system do zarz\u0105dzania salonem fryzjerskim i kosmetycznym Versum , serwisowi internetowemu\u00a0<a href=\"https:\/\/moment.pl\/\" target=\"_blank\" rel=\"noopener\">www.moment.pl\u00a0<\/a>umo\u017cliwiaj\u0105cemu rezerwacj\u0119 us\u0142ugi w Neonia sp. z o.o, podmiotom realizuj\u0105cym us\u0142ugi kurierskie i pocztowe na rzecz Neonia sp. z o.o. oraz organom w\u0142adzy publicznej lub podmiotom wykonuj\u0105cym zadania publiczne.<\/p>\r\n<h2>8. Jak d\u0142ugo przechowujemy dane osobowe?<\/h2>\r\n<p>Dane osobowe przetwarzamy przez okres niezb\u0119dny do realizacji wskazanych w pkt. 5 cel\u00f3w tj. przez czas realizacji zawartej z Pa\u0144stwem umowy, a po tym czasie przez okres i w zakresie wymaganym przez przepisy prawa oraz do momentu up\u0142ywu okresu przedawnienia roszcze\u0144 wynikaj\u0105cych z zawartych z Pa\u0144stwem um\u00f3w tj. przez okres 3 lat od momentu realizacji us\u0142ugi b\u0105d\u017a wykonania umowy sprzeda\u017cy. Je\u017celi przetwarzamy dane osobowe na podstawie uzasadnionego interesu, w szczeg\u00f3lno\u015bci w celu marketingu bezpo\u015bredniego przechowujemy dane do czasu wniesienia przez Pa\u0144stwa sprzeciwu wobec takiego przetwarzania. Po tym czasie dane nie b\u0119d\u0105 ju\u017c przetwarzane w tym celu tj. marketingu bezpo\u015bredniego, lecz ich dalsze przechowywanie mo\u017ce by\u0107 konieczne z uwagi na realizacj\u0119 umowy lub przepis prawa.<\/p>\r\n<h2>9. Informacja o profilowaniu Pa\u0144stwa danych.<\/h2>\r\n<p>W celach opisanych w pkt. 5, za wyj\u0105tkiem przetwarzania danych w celu wype\u0142nienia obowi\u0105zku prawnego, b\u0119dziemy dokonywa\u0107 profilowania Pa\u0144stwa danych osobowych. Profilowanie danych osobowych polega na ich automatycznej analizie w celu uzyskania odpowiedzi na temat preferencji lub zainteresowa\u0144 (np. w celu dopasowania oferty do Pa\u0144stwa oczekiwa\u0144). Profilowanie nie wi\u0105\u017ce si\u0119 z gromadzeniem danych osobowych umo\u017cliwiaj\u0105cych Pa\u0144stwa identyfikacj\u0119 np. z imienia i nazwiska.<\/p>\r\n<h2>10. Uprawnienia zwi\u0105zane z przetwarzaniem danych osobowych.<\/h2>\r\n<p>Wszystkim osobom, kt\u00f3rych dane osobowe s\u0105 przetwarzane przez Neonia sp. z o.o., przys\u0142uguj\u0105 nast\u0119puj\u0105ce prawa wynikaj\u0105ce z RODO:<br \/>a. prawo dost\u0119pu do danych osobowych (informacja o przetwarzanych przez Neonia sp. z o.o. danych, w tym prawo do uzyskania kopii tych danych);<br \/>b. prawo do \u017c\u0105dania sprostowania (poprawiania) danych osobowych, gdy dane s\u0105 nieprawid\u0142owe lub niekompletne;<br \/>c. prawo do \u017c\u0105dania usuni\u0119cia danych osobowych (tzw. prawo do bycia zapominanym). Prawo to mo\u017ce by\u0107 zrealizowane wy\u0142\u0105cznie w przypadku gdy: dane nie s\u0105 ju\u017c niezb\u0119dne do cel\u00f3w, dla kt\u00f3rych by\u0142y zebrane lub w inny spos\u00f3b przetwarzane; osoba, kt\u00f3rej dane dotycz\u0105, wnios\u0142a sprzeciw wobec przetwarzania danych lub cofn\u0119\u0142a zgod\u0119, na kt\u00f3rej opiera si\u0119 przetwarzanie i nie ma innej podstawy prawnej przetwarzania; dane przetwarzane s\u0105 niezgodnie z prawem; usuni\u0119cie danych osobowych wynika z przepis\u00f3w prawa powszechnie obowi\u0105zuj\u0105cego;<br \/>d. prawo do \u017c\u0105dania ograniczenia przetwarzania danych osobowych. Prawo to mo\u017ce by\u0107 zrealizowane gdy: osoba, kt\u00f3rej dane dotycz\u0105, kwestionuje prawid\u0142owo\u015b\u0107 danych osobowych; przetwarzanie danych jest niezgodne z prawem, a osoba, kt\u00f3rej dane dotycz\u0105, sprzeciwia si\u0119 usuni\u0119ciu danych, \u017c\u0105daj\u0105c w zamian ich ograniczenia; administrator nie potrzebuje ju\u017c danych dla swoich cel\u00f3w, ale osoba, kt\u00f3rej dane dotycz\u0105, potrzebuje ich do ustalenia, obrony lub dochodzenia roszcze\u0144; osoba, kt\u00f3rej dane dotycz\u0105, wnios\u0142a sprzeciw wobec przetwarzania danych do czasu ustalenia, czy prawnie uzasadnione podstawy po stronie administratora s\u0105 nadrz\u0119dne wobec podstawy sprzeciwu;<br \/>e. prawo do przeniesienia danych do innego administratora lub do Pa\u0144stwa (na zasadach okre\u015blonych w art. 20 RODO).<br \/>f. prawo do cofni\u0119cia zgody na przetwarzanie danych osobowych. W przypadku, gdy udzielili Pa\u0144stwo zgody na przetwarzanie danych osobowych, w dowolnym momencie przys\u0142uguje Pa\u0144stwu prawo do jej cofni\u0119cia (cofni\u0119cie zgody nie ma wp\u0142ywu na zgodno\u015b\u0107 z prawem przetwarzania, kt\u00f3rego dokonano na podstawie zgody przed jej cofni\u0119ciem).<\/p>\r\n<h2>11. Co to jest prawo sprzeciwu i komu przys\u0142uguje?<\/h2>\r\n<p>Prawo sprzeciwu przys\u0142uguje ka\u017cdemu czyje dane osobowe s\u0105 przetwarzane przez Administratora danych, w tym tak\u017ce Pa\u0144stwu. Sprzeciw mo\u017ce by\u0107 wniesiony w dowolnym momencie. Mo\u017ce by\u0107 on oparty na przyczynach zwi\u0105zanych z Pa\u0144stwa szczeg\u00f3ln\u0105 sytuacj\u0105 wobec przetwarzania danych osobowych uzasadnionego interesem Neonia sp. z o.o. (art. 6 ust. 1 f RODO), w tym profilowania na podstawie tych przepis\u00f3w. Po wniesieniu sprzeciwu Neonia sp. z o.o. nie b\u0119dzie ju\u017c przetwarza\u0107 tych danych osobowych, chyba \u017ce wyka\u017cemy istnienie wa\u017cnych, prawnie uzasadnionych podstaw do przetwarzania, kt\u00f3re s\u0105 nadrz\u0119dne wobec Pa\u0144stwa interes\u00f3w, praw i wolno\u015bci lub wyka\u017cemy istnienie podstawy do ustalenia, dochodzenia lub obrony roszcze\u0144. Je\u017celi dane osobowe przetwarzamy na potrzeby marketingu bezpo\u015bredniego, maj\u0105 Pa\u0144stwo prawo w dowolnym momencie wnie\u015b\u0107 sprzeciw wobec przetwarzania danych osobowych na potrzeby takiego marketingu, w tym profilowania, w zakresie w jakim przetwarzanie jest zwi\u0105zane z takim marketingiem bezpo\u015brednim. Po wniesieniu sprzeciwu nie b\u0119dziemy ju\u017c przetwarza\u0107 Pa\u0144stwa danych do takich cel\u00f3w. Zrealizowanie powy\u017cszych praw u\u0142atwi Pa\u0144stwu z\u0142o\u017cenie wniosku na adres:<a href=\"mailto:bok@neonia.com.pl\" rel=\"dofollow\">bok@neonia.com.pl<\/a>. W przypadku z\u0142o\u017cenia wniosku mo\u017cemy prosi\u0107 Pa\u0144stwa o podanie dodatkowych informacji w celu zweryfikowania to\u017csamo\u015bci.<br \/><strong>Skarga do organu nadzorczego<\/strong><br \/>Mog\u0105 Pa\u0144stwo prawo wnie\u015b\u0107 skarg\u0119 do organu nadzorczego \u2013 Prezesa Urz\u0119du Ochrony Danych Osobowych, w zwi\u0105zku z przetwarzaniem przez Neonia sp. z o.o. danych osobowych.<\/p>\r\n<h2>12. Czy przekazujemy Twoje dane do pa\u0144stw spoza Europejskiego Obszaru Gospodarczego?<\/h2>\r\n<p>Neonia sp. z o. o. nie przekazuje danych osobowych do pa\u0144stwa spoza Europejskiego Obszaru Gospodarczego.<\/p>\r\n<h2>13. Pliki cookies (tzw. ciasteczka) oraz informacje systemowe (logi system\u00f3w).<\/h2>\r\n<p>W trakcie poruszania si\u0119 po witrynie internetowej (serwisach Neonia sp. z o. o.) mog\u0105 by\u0107 gromadzone informacje w spos\u00f3b bierny z Pa\u0144stwa strony (tzn. bez aktywnego dostarczania tych informacji przez Pa\u0144stwa). Informacje te s\u0105 przekazywane z u\u017cyciem r\u00f3\u017cnych technologii takich jak pliki \u201ecookies\u201d lub logi system\u00f3w, s\u0105 bezpieczne dla Pa\u0144stwa urz\u0105dze\u0144, nie powoduj\u0105 zmian konfiguracyjnych oraz nie przenosz\u0105 wirus\u00f3w lub niechcianego lub z\u0142o\u015bliwego oprogramowania. Informacje systemowe (logi system\u00f3w): U\u017cywana przez Pa\u0144stwa przegl\u0105darka internetowa automatycznie przekazuje nam dane, w postaci log\u00f3w systemowych (zapis\u00f3w informatycznych). S\u0105 to informacje takie jak: adres (URL) witryny internetowej odwiedzanej przez Pa\u0144stwa poprzednio, adres IP, wersja przegl\u0105darki aktualnie wykorzystywanej przez Pa\u0144stwa komputer, a tak\u017ce czas dost\u0119pu i przes\u0142an\u0105 ilo\u015bci danych. Neonia sp. z o. o. mo\u017ce analizowa\u0107 opisane powy\u017cej logi system\u00f3w. Informacje uzyskane w ten spos\u00f3b wykorzystywane s\u0105 w celach administracyjnych (rozpoznawania i usuwania problem\u00f3w dotycz\u0105cych pracy serwer\u00f3w, w tym narusze\u0144 ich bezpiecze\u0144stwa) oraz do bada\u0144 statystycznych. Informacje te nie s\u0105 \u0142\u0105czone z Pa\u0144stwa danymi osobowymi i nie pozwalaj\u0105 na Pa\u0144stwa identyfikacj\u0119. Pliki cookies (tzw. ciasteczka): W trakcie korzystania ze strony internetowej Neonia sp. z o. o, mog\u0105 by\u0107 zapisywane na Pa\u0144stwach urz\u0105dzeniach pliki tekstowe tzw. \u201ecookies\u201d. Pliki te zawieraj\u0105 dane informatyczne, kt\u00f3re przy ponownych odwiedzinach naszej strony internetowej s\u0105 odczytywane i pomagaj\u0105 j\u0105 dostosowa\u0107 do Pa\u0144stwa preferencji oraz s\u0142u\u017c\u0105 do cel\u00f3w statystycznych. Celem zapisywania plik\u00f3w \u201ecookies\u201d jest zapewnienie Pa\u0144stwu efektywnego korzystania z naszych serwis\u00f3w internetowych: dostarczenie tre\u015bci dostosowanej do Pa\u0144stwa zainteresowa\u0144, polepszenie sposob\u00f3w dzia\u0142ania serwis\u00f3w i ich zawarto\u015bci; badanie efektywno\u015bci naszych reklam. Mog\u0105 Pa\u0144stwo ustawi\u0107 przegl\u0105dark\u0119 internetow\u0105 w taki spos\u00f3b, aby ostrzega\u0142a Pa\u0144stwa, gdy przesy\u0142any jest plik \u201ecookies\u201d, b\u0105d\u017a te\u017c w og\u00f3le blokowa\u0142a przesy\u0142anie tego typu plik\u00f3w, przy czym w tym drugim przypadku niekt\u00f3re funkcje strony internetowej mog\u0105 nie dzia\u0142a\u0107. Korzystanie z naszych serwis\u00f3w bez wy\u0142\u0105czenia obs\u0142ugi \u201ecookies\u201d w przegl\u0105darce oznacza, \u017ce b\u0119d\u0105 one zapisane w pami\u0119ci urz\u0105dzenia. Informacj\u0119 jak zarz\u0105dza\u0107 plikami \u201ecookies\u201d znajdziemy zwykle w sekcji \u201cPomoc\u201d poszczeg\u00f3lnych przegl\u0105darek. Poni\u017cej opisujemy jak wy\u0142\u0105czy\u0107 \u201ecookies\u201d w najpopularniejszych przegl\u0105darkach internetowych:<\/p>\r\n<h5>Mozilla Firefox<\/h5>\r\n<p>W menu Narz\u0119dzia nale\u017cy wybra\u0107 Opcje i w nich zak\u0142adk\u0119 Prywatno\u015b\u0107. Przegl\u0105darka daje mo\u017cliwo\u015b\u0107 wyboru pomi\u0119dzy usuni\u0119ciem ciasteczek poszczeg\u00f3lnych witryn lub ca\u0142kowitym ich usuni\u0119ciem.<br \/>Microsoft Internet Explorer<br \/>W menu Narz\u0119dzia nale\u017cy wybra\u0107 Opcje Internetowe i w nich zak\u0142adk\u0119 Prywatno\u015b\u0107. Specjalnym suwakiem mo\u017cna regulowa\u0107 og\u00f3lny poziom prywatno\u015bci albo przyciskiem Witryny zarz\u0105dza\u0107 ustawieniami poszczeg\u00f3lnych serwis\u00f3w internetowych.<\/p>\r\n<h5>Google Chrome<\/h5>\r\n<p>W menu ukrytym pod trzema poziomymi kreseczkami w prawym g\u00f3rnym rogu przegl\u0105darki wybierz Ustawienia, nast\u0119pnie ustawienia Zawansowane. W sekcji Prywatno\u015b\u0107 i bezpiecze\u0144stwo nale\u017cy klikn\u0105\u0107 przycisk Ustawienia tre\u015bci. W sekcji Pliki cookie mo\u017cna zmieni\u0107 ustawienia plik\u00f3w cookie.<\/p>\r\n<h5>Opera<\/h5>\r\n<p>W menu Narz\u0119dzia nale\u017cy wybra\u0107 Preferencje i w nich zak\u0142adk\u0119 Zaawansowane. O gromadzeniu \u201ecookies\u201d decyduje zaznaczenie lub nie pozycji Ciasteczka.<\/p>\r\n<h5>Safari<\/h5>\r\n<p>W menu Safari nale\u017cy wybra\u0107 Preferencje i klikn\u0105\u0107 ikon\u0119 Bezpiecze\u0144stwo. W obszarze Akceptuj pliki cookie&amp;rdquo mo\u017cna zmieni\u0107 ustawienia plik\u00f3w cookie.<\/p>\r\n<h5>W telefonach kom\u00f3rkowych, tabletach i innych urz\u0105dzeniach mobilnych<\/h5>\r\n<p>Ka\u017cdy model urz\u0105dzenia mo\u017ce obs\u0142ugiwa\u0107 zarz\u0105dzanie plikami \u201ecookies\u201d w inny spos\u00f3b. Dlatego zach\u0119camy do zapoznania si\u0119 z opcjami prywatno\u015bci w dokumentacji na stronie internetowej producenta Pa\u0144stwa urz\u0105dzenia mobilnego.<\/p>\r\n","protected":false},"excerpt":{"rendered":"<p>1. Dlaczego przygotowali\u015bmy ten regulamin? Prowadzona przez Neonia sp. z o.o. dzia\u0142alno\u015b\u0107 wi\u0105\u017ce si\u0119 z przetwarzaniem danych osobowych Klient\u00f3w. Proces ten musi by\u0107 nie tylko zgodny z przepisami prawa, ale r\u00f3wnie\u017c rzetelny i przejrzysty. W zwi\u0105zku z tym chcemy poinformowa\u0107 o celach i zasadach na jakich przetwarzamy Pa\u0144stwa dane osobowe, a tak\u017ce wskaza\u0107 prawa jakie [&hellip;]<\/p>\n","protected":false},"author":1,"featured_media":0,"parent":0,"menu_order":6,"comment_status":"closed","ping_status":"open","template":"","meta":{"_acf_changed":false,"footnotes":""},"categories":[],"class_list":["post-628457","page","type-page","status-publish","hentry"],"acf":[],"_links":{"self":[{"href":"https:\/\/neonia.com.pl\/en\/wp-json\/wp\/v2\/pages\/628457","targetHints":{"allow":["GET"]}}],"collection":[{"href":"https:\/\/neonia.com.pl\/en\/wp-json\/wp\/v2\/pages"}],"about":[{"href":"https:\/\/neonia.com.pl\/en\/wp-json\/wp\/v2\/types\/page"}],"author":[{"embeddable":true,"href":"https:\/\/neonia.com.pl\/en\/wp-json\/wp\/v2\/users\/1"}],"replies":[{"embeddable":true,"href":"https:\/\/neonia.com.pl\/en\/wp-json\/wp\/v2\/comments?post=628457"}],"version-history":[{"count":0,"href":"https:\/\/neonia.com.pl\/en\/wp-json\/wp\/v2\/pages\/628457\/revisions"}],"wp:attachment":[{"href":"https:\/\/neonia.com.pl\/en\/wp-json\/wp\/v2\/media?parent=628457"}],"wp:term":[{"taxonomy":"category","embeddable":true,"href":"https:\/\/neonia.com.pl\/en\/wp-json\/wp\/v2\/categories?post=628457"}],"curies":[{"name":"wp","href":"https:\/\/api.w.org\/{rel}","templated":true}]}}