{"id":627472,"date":"2023-04-25T08:36:53","date_gmt":"2023-04-25T06:36:53","guid":{"rendered":"https:\/\/nowa-neonia.dev.justidea.pl\/oczyszczanie-twarzy\/"},"modified":"2023-10-02T16:33:56","modified_gmt":"2023-10-02T14:33:56","slug":"facial-cleansing","status":"publish","type":"page","link":"https:\/\/neonia.com.pl\/en\/facial-cleansing\/","title":{"rendered":"Facial Cleansing Krakow"},"content":{"rendered":"<p><img decoding=\"async\" class=\"alignleft wp-image-30525 size-medium\" title=\"oczyszczanie twarzy\" src=\"https:\/\/neonia.com.pl\/wp-content\/uploads\/2019\/01\/oczyszczanie-twarzy-300x169.jpg\" alt=\"oczyszczanie twarzy\" width=\"300\" height=\"169\" \/><\/p>\n<p>Contaminated skin complexion is a common problem.\u00a0The state of the skin is determined by genetic predisposition,\u00a0but also hormone management (estrogen), skin care or exposure to air pollution.\u00a0Contaminated skin is exposed to the formation of blackheads as well as inflammatory changes.\u00a0Their consequences may be the formation of acne scars or discoloration.\u00a0Therefore, professional face cleansing is necessary.<\/p>\n<h2>Manual facial cleansing<\/h2>\n<p>Manual facial cleansing was once the only cleansing treatment available in the beauty parlour, until there are much more effective and safer methods.\u00a0<strong>Manual facial cleansing<\/strong>\u00a0consists in manually removing blackheads by squeezing them.\u00a0The first stage of the treatment is the make-up removal and enzymatic or fine-grained peeling.\u00a0The next step is to make a steam bath, which is to expand the pores to facilitate their manual purification.\u00a0The steam bath operation complements the use of softening ointments.\u00a0Next, the beautician manually cleanses the blackheads.\u00a0After cleaning the face of the blackheads, a mask soothing the skin is used.<\/p>\n<p><strong>Manual face cleansing<\/strong>\u00a0is a procedure that is becoming less common.\u00a0One of the reasons is limiting its use to normal or mixed skin.\u00a0Oily skin can respond to even greater production of sebum.\u00a0The manual face cleansing procedure is also not recommended for sensitive and capillary skin.\u00a0It is also impossible to perform the treatment on the skin affected by acne lesions, as the inflammatory changes may intensify.\u00a0Another disadvantage of manual facial cleansing is the risk of scars and discoloration when the procedure is performed unskillfully.<\/p>\n<h2>Facial cleansing with acids<\/h2>\n<p>Cleansing contaminated skin with acids is a procedure based on making chemical peels.\u00a0Thanks to their application, the effect of exfoliation and lightening of the skin is obtained.\u00a0W zale\u017cno\u015bci od stanu sk\u00f3ry mo\u017cna dopasowa\u0107 taki peeling,\u00a0which perfectly reduces any imperfections. Other peeling applications bring great effects. These include:<\/p>\n<ul>\n<li>mandelic<\/li>\n<li>pyruvic<\/li>\n<li>salicylic<\/li>\n<li>glycolic<\/li>\n<\/ul>\n<p>The advantage of\u00a0<strong>cleansing the face with acids<\/strong>\u00a0is the high effectiveness of the treatment and its safety,\u00a0and the ability to apply it to sensitive skin or acne.<\/p>\n<p>Treatment with the use of medical peeling consists in applying the appropriate peeling to the face.\u00a0The effective exfoliation of dead skin occurs by loosening the intercellular connections.\u00a0In addition, chemical peeling penetrates to the sebaceous glands, unblocking them and removing residual fat and exfoliated epidermal cells.\u00a0An additional benefit of skin acid cleansing treatment is:<\/p>\n<ul>\n<li>skin lightening<\/li>\n<li>reduction of discoloration and acne scars<\/li>\n<li>reducing the seborrhea of the skin<\/li>\n<li>reducing the visibility of the expanded pores<\/li>\n<li>smoothing fine wrinkles<\/li>\n<\/ul>\n<p>It is worth performing a series of several treatments using chemical peeling for the best effect, and constantly performing re-treatment.\u00a0Post-treatment care is essential for ultimate effect as well as proper skin care and avoiding sun exposure and the use of UV filters.<\/p>\n<h2>Laser facial cleansing<\/h2>\n<p>Laser therapy\u00a0is an effective method of cleansing the skin.\u00a0The use of the iPixel laser provides an immediate effect of skin purification and revitalization. This fractional laser\u00a0ablation emits a beam of light that generates a thermal effect in the skin.\u00a0Disposable emission of several dozen light beams allows skin micro damages to be formed,\u00a0around which the tissue remains intact.\u00a0There are intensified regeneration processes, synthesis of new collagen fibers and remodeling of the skin surface.<\/p>\n<p>It is possible to reduce the visibility of the pores thanks to the laser\u00a0<strong>facial cleansing<\/strong>,\u00a0reduction of acne scars or discoloration.\u00a0The skin is radiant and full of light.\u00a0For the best effect, it is worth performing a series of several laser facial cleansing treatments at 2-4 week intervals.\u00a0The effects of the treatment are noticeable immediately, and the ultimate effect is evident after 1-3 months.\u00a0After laser facial cleansing, care should be taken to avoid sun exposure and use SPF 50 filters for one month after surgery.<\/p>\n<h2>Facial cleansing at the beautician<\/h2>\n<p>Microdermabrasion is an effective and safe technology, used in beauty parlours.\u00a0This treatment allows mechanical exfoliation of the epidermis to a controlled depth, which leads to removal of dead epidermal cells.\u00a0As a result, this\u00a0<strong>facial cleansing<\/strong>\u00a0at the beautician reduces the tendency to blackheads or acne.\u00a0In addition, the removal of the top layers of skin cells promotes the intensive multiplication of new skin cells.\u00a0This provides the effect of remodeling the skin. The effects following microdermabrasion are:<\/p>\n<ul>\n<li>reduction of blackheads<\/li>\n<li>narrowing of skin pores<\/li>\n<li>smoothing the skin surface<\/li>\n<li>reduction of skin discolorations or acne scars<\/li>\n<\/ul>\n<p>Diamond microdermabrasion\u00a0can be used to cleanse the face as well as the corundum.\u00a0The treatment lasts for several dozen minutes and is painless.\u00a0It is worth performing a series of several treatments, preferably 6-10 procedures carried out at intervals of 2-4 weeks.<\/p>\n<h2>Cleansing the face of pimples and blackheads<\/h2>\n<p>Deep\u00a0<strong>facial cleansing of pimples and blackheads<\/strong>\u00a0is a procedure that should not be done on your own at home; mechanical removal of blackheads or purulent lesions is also not recommended.\u00a0This promotes the formation of inflammation of the skin, which in the worst case may end up in scars remaining.\u00a0The most effective treatments are offered in a beauty parlour or aesthetic medicine, which ensure effective and safe skin cleansing.\u00a0They do not contribute to the formation of inflammation; moreover, they can effectively reduce their development. Hydrogen purification, laser therapy, chemical peeling, microdermabrasion is a perfect complement to daily skin care and a way to remove deep impurities,\u00a0which will help to maintain an impeccable skin condition.<\/p>\n","protected":false},"excerpt":{"rendered":"<p>Contaminated skin complexion is a common problem.\u00a0The state of the skin is determined by genetic predisposition,\u00a0but also hormone management (estrogen), skin care or exposure to air pollution.\u00a0Contaminated skin is exposed to the formation of blackheads as well as inflammatory changes.\u00a0Their consequences may be the formation of acne scars or discoloration.\u00a0Therefore, professional face cleansing is necessary. [&hellip;]<\/p>\n","protected":false},"author":1,"featured_media":0,"parent":0,"menu_order":81,"comment_status":"closed","ping_status":"closed","template":"page-templates\/treatment.php","meta":{"_acf_changed":false,"footnotes":""},"categories":[27],"class_list":["post-627472","page","type-page","status-publish","hentry","category-treatments-en"],"acf":[],"_links":{"self":[{"href":"https:\/\/neonia.com.pl\/en\/wp-json\/wp\/v2\/pages\/627472","targetHints":{"allow":["GET"]}}],"collection":[{"href":"https:\/\/neonia.com.pl\/en\/wp-json\/wp\/v2\/pages"}],"about":[{"href":"https:\/\/neonia.com.pl\/en\/wp-json\/wp\/v2\/types\/page"}],"author":[{"embeddable":true,"href":"https:\/\/neonia.com.pl\/en\/wp-json\/wp\/v2\/users\/1"}],"replies":[{"embeddable":true,"href":"https:\/\/neonia.com.pl\/en\/wp-json\/wp\/v2\/comments?post=627472"}],"version-history":[{"count":1,"href":"https:\/\/neonia.com.pl\/en\/wp-json\/wp\/v2\/pages\/627472\/revisions"}],"predecessor-version":[{"id":637016,"href":"https:\/\/neonia.com.pl\/en\/wp-json\/wp\/v2\/pages\/627472\/revisions\/637016"}],"wp:attachment":[{"href":"https:\/\/neonia.com.pl\/en\/wp-json\/wp\/v2\/media?parent=627472"}],"wp:term":[{"taxonomy":"category","embeddable":true,"href":"https:\/\/neonia.com.pl\/en\/wp-json\/wp\/v2\/categories?post=627472"}],"curies":[{"name":"wp","href":"https:\/\/api.w.org\/{rel}","templated":true}]}}