{"id":627454,"date":"2023-04-25T08:28:46","date_gmt":"2023-04-25T06:28:46","guid":{"rendered":"https:\/\/nowa-neonia.dev.justidea.pl\/leczenie-tradziku-rozowatego\/"},"modified":"2024-02-16T15:21:44","modified_gmt":"2024-02-16T14:21:44","slug":"acne-rosacea-treatment","status":"publish","type":"page","link":"https:\/\/neonia.com.pl\/en\/acne-rosacea-treatment\/","title":{"rendered":"Treatment of acne rosacea, acne removal Krakow"},"content":{"rendered":"<p><img decoding=\"async\" class=\"alignleft wp-image-17575 size-medium\" title=\"Leczenie tr\u0105dziku r\u00f3\u017cowatego\" src=\"https:\/\/neonia.com.pl\/wp-content\/uploads\/2018\/12\/leczenie-tr\u0105dziku-r\u00f3\u017cowatego-300x271.jpg\" alt=\"Leczenie tr\u0105dziku r\u00f3\u017cowatego\" width=\"300\" height=\"271\" \/><\/p>\n<p>Acne Rosacea is a chronic skin condition, which requires adequate treatment therapy.\u00a0The\u00a0<strong>treatment of rosacea<\/strong>\u00a0requires the use of general and local pharmacotherapy, as well as appropriate skin care.\u00a0Aesthetic medical treatment is helpful in order to remove unsightly skin lesions associated with rosacea. Professional surgery enables the treatment of acne rosacea alleviating its symptoms and reducing the risk of permanent skin lesions.<\/p>\n<h2>What is the most effective treatment procedure for Acne Rosacea?<\/h2>\n<p>In the case of acne rosacea, increasing the sensitivity of skin is the effect of external stimuli, and a laser which does not generate excessive skin irritation or damage should be used. The\u00a0<strong>treatment of acne rosacea<\/strong> with the use of the Pro Dye \u2013 VL laser brings excellent results in a short space of time.\u00a0This laser emits high energy light beams and, at the same time, a very short pulse.\u00a0The energy of the laser beam penetrates deep into the skin, enabling the closing\u00a0of dilated capillaries, as well as the reduction of discoloration.\u00a0The acne laser effectively removes redness, narrows enlarged pores, and smoothes the skin.\u00a0<strong>Acne rosacea laser removal <\/strong>assumes a series of about 3-4 treatments procedures.<br \/>\nMedical chemical peels\u00a0\u00a0are also used in the treatment of rosacea.\u00a0Such treatments use exfoliating formulations with high concentration of active compounds,\u00a0noticeably improving the condition of acne skin.\u00a0Peels for rosacea help to alleviate inflammation, regulate skin keratinization processes,\u00a0and brighten discolorations and have a bacteriostatic effect.\u00a0The optimal treatment effect can be obtained after a series of several treatment procedures.<\/p>\n<style>\r\n\r\n.shortcode-gallery {\r\n\twidth: 100%;\r\n\tmargin-top: 50px;\r\n\tmargin-bottom: 50px;\r\n\ttext-align: center;\r\n}\r\n.shortcode-gallery__title {\r\n\tmargin-bottom: 35px;\r\n\tfont-family: \"Tenor Sans\",sans-serif;\r\n\tfont-size: 1.5rem;\r\n\tfont-weight: 400;\r\n\tline-height: 1.75rem;\r\n}\r\n@media (mim-width: 992px) {\r\n\t.shortcode-gallery__title {\r\n\t\tfont-size: 2.125rem;\r\n\t\tline-height: 3rem;\r\n\t}\r\n}\r\n.shortcode-gallery__images {\r\n\tgap: 10px;\r\n}\r\n.shortcode-gallery__link {\r\n\tdisplay: block;\r\n}\r\n.shortcode-gallery__link:hover {\r\n\ttext-decoration: none;\r\n}\r\n.shortcode-gallery__image {\r\n\twidth: 200px;\r\n\theight: 200px;\r\n\tobject-fit: cover;\r\n\tborder-radius: 20px;\r\n}\r\n.shortcode-gallery__desc {\r\n\tmax-width: 190px;\r\n\tmargin: 10px auto;\r\n\tfont-size: .8rem;\r\n\tfont-weight: 400;\r\n\tline-height: 1.2;\r\n}\r\n.glightbox-clean .gslide-desc {\r\n\ttext-align: center;\r\n\tfont-family: Montserrat,sans-serif;\r\n\tfont-size: 1rem;\r\n}\r\n.gslide-image img {\r\n\tmax-width: 85vw;\r\n\tobject-fit: contain;\r\n}\r\n<\/style>\r\n\t\t\t<section class=\"shortcode-gallery\">\r\n\t\t\t\t\t<h3 class=\"shortcode-gallery__title\">Efekty przed i po<\/h3>\r\n\t\t\r\n\t\t\t\t\t<div class=\"shortcode-gallery__images d-flex flex-wrap justify-content-center\">\r\n\t\t\t\t\t\t\t<a class=\"shortcode-gallery__link glightbox\" href=\"https:\/\/neonia.com.pl\/wp-content\/uploads\/2024\/02\/leczenie-tradziku-rozowatego-efekty-scaled.jpg\" data-height=\"80vh\">\r\n\t\t\t\t\t<img decoding=\"async\" class=\"shortcode-gallery__image smush-dimensions lazyload\" data-src=\"https:\/\/neonia.com.pl\/wp-content\/uploads\/2024\/02\/leczenie-tradziku-rozowatego-efekty-300x300.jpg\" alt=\"leczenie tr\u0105dziku r\u00f3\u017cowatego efekty\" width=\"300\" style=\"--smush-image-width: 300px; --smush-image-aspect-ratio: 300\/300;\" src=\"data:image\/svg+xml;base64,PHN2ZyB3aWR0aD0iMSIgaGVpZ2h0PSIxIiB4bWxucz0iaHR0cDovL3d3dy53My5vcmcvMjAwMC9zdmciPjwvc3ZnPg==\" data-srcset=\"https:\/\/neonia.com.pl\/wp-content\/uploads\/2024\/02\/leczenie-tradziku-rozowatego-efekty-300x300.jpg 300w, https:\/\/neonia.com.pl\/wp-content\/uploads\/2024\/02\/leczenie-tradziku-rozowatego-efekty-scaled.jpg 1500w, https:\/\/neonia.com.pl\/wp-content\/uploads\/2024\/02\/leczenie-tradziku-rozowatego-efekty-400x400.jpg 400w, https:\/\/neonia.com.pl\/wp-content\/uploads\/2024\/02\/leczenie-tradziku-rozowatego-efekty-768x768.jpg 768w, https:\/\/neonia.com.pl\/wp-content\/uploads\/2024\/02\/leczenie-tradziku-rozowatego-efekty-1536x1536.jpg 1536w, https:\/\/neonia.com.pl\/wp-content\/uploads\/2024\/02\/leczenie-tradziku-rozowatego-efekty-70x70.jpg 70w, https:\/\/neonia.com.pl\/wp-content\/uploads\/2024\/02\/leczenie-tradziku-rozowatego-efekty-1000x1000.jpg 1000w, https:\/\/neonia.com.pl\/wp-content\/uploads\/2024\/02\/leczenie-tradziku-rozowatego-efekty-800x800.jpg 800w, https:\/\/neonia.com.pl\/wp-content\/uploads\/2024\/02\/leczenie-tradziku-rozowatego-efekty-500x500.jpg 500w\" data-sizes=\"auto\" data-original-sizes=\"(max-width: 300px) 100vw, 300px\">\r\n\t\t\t\t\t\t\t\t\t<\/a>\r\n\t\t\t\t\t\t\t<a class=\"shortcode-gallery__link glightbox\" href=\"https:\/\/neonia.com.pl\/wp-content\/uploads\/2024\/02\/leczenie-tradziku-rozowatego-Krakow-scaled.jpg\" data-height=\"80vh\">\r\n\t\t\t\t\t<img decoding=\"async\" class=\"shortcode-gallery__image smush-dimensions lazyload\" data-src=\"https:\/\/neonia.com.pl\/wp-content\/uploads\/2024\/02\/leczenie-tradziku-rozowatego-Krakow-300x300.jpg\" alt=\"leczenie tr\u0105dziku r\u00f3\u017cowatego Krak\u00f3w\" width=\"300\" style=\"--smush-image-width: 300px; --smush-image-aspect-ratio: 300\/300;\" src=\"data:image\/svg+xml;base64,PHN2ZyB3aWR0aD0iMSIgaGVpZ2h0PSIxIiB4bWxucz0iaHR0cDovL3d3dy53My5vcmcvMjAwMC9zdmciPjwvc3ZnPg==\" data-srcset=\"https:\/\/neonia.com.pl\/wp-content\/uploads\/2024\/02\/leczenie-tradziku-rozowatego-Krakow-300x300.jpg 300w, https:\/\/neonia.com.pl\/wp-content\/uploads\/2024\/02\/leczenie-tradziku-rozowatego-Krakow-scaled.jpg 1500w, https:\/\/neonia.com.pl\/wp-content\/uploads\/2024\/02\/leczenie-tradziku-rozowatego-Krakow-400x400.jpg 400w, https:\/\/neonia.com.pl\/wp-content\/uploads\/2024\/02\/leczenie-tradziku-rozowatego-Krakow-768x768.jpg 768w, https:\/\/neonia.com.pl\/wp-content\/uploads\/2024\/02\/leczenie-tradziku-rozowatego-Krakow-1536x1536.jpg 1536w, https:\/\/neonia.com.pl\/wp-content\/uploads\/2024\/02\/leczenie-tradziku-rozowatego-Krakow-2048x2048.jpg 2048w, https:\/\/neonia.com.pl\/wp-content\/uploads\/2024\/02\/leczenie-tradziku-rozowatego-Krakow-70x70.jpg 70w, https:\/\/neonia.com.pl\/wp-content\/uploads\/2024\/02\/leczenie-tradziku-rozowatego-Krakow-1000x1000.jpg 1000w, https:\/\/neonia.com.pl\/wp-content\/uploads\/2024\/02\/leczenie-tradziku-rozowatego-Krakow-800x800.jpg 800w, https:\/\/neonia.com.pl\/wp-content\/uploads\/2024\/02\/leczenie-tradziku-rozowatego-Krakow-500x500.jpg 500w\" data-sizes=\"auto\" data-original-sizes=\"(max-width: 300px) 100vw, 300px\">\r\n\t\t\t\t\t\t\t\t\t<\/a>\r\n\t\t\t\t\t\t\t<a class=\"shortcode-gallery__link glightbox\" href=\"https:\/\/neonia.com.pl\/wp-content\/uploads\/2024\/02\/leczenie-tradziku-rozowatego-scaled.jpg\" data-height=\"80vh\">\r\n\t\t\t\t\t<img decoding=\"async\" class=\"shortcode-gallery__image smush-dimensions lazyload\" data-src=\"https:\/\/neonia.com.pl\/wp-content\/uploads\/2024\/02\/leczenie-tradziku-rozowatego-300x249.jpg\" alt=\"leczenie tr\u0105dziku r\u00f3\u017cowatego\" width=\"300\" style=\"--smush-image-width: 300px; --smush-image-aspect-ratio: 300\/249;\" src=\"data:image\/svg+xml;base64,PHN2ZyB3aWR0aD0iMSIgaGVpZ2h0PSIxIiB4bWxucz0iaHR0cDovL3d3dy53My5vcmcvMjAwMC9zdmciPjwvc3ZnPg==\" data-srcset=\"https:\/\/neonia.com.pl\/wp-content\/uploads\/2024\/02\/leczenie-tradziku-rozowatego-300x249.jpg 300w, https:\/\/neonia.com.pl\/wp-content\/uploads\/2024\/02\/leczenie-tradziku-rozowatego-scaled.jpg 1500w, https:\/\/neonia.com.pl\/wp-content\/uploads\/2024\/02\/leczenie-tradziku-rozowatego-768x638.jpg 768w, https:\/\/neonia.com.pl\/wp-content\/uploads\/2024\/02\/leczenie-tradziku-rozowatego-1536x1276.jpg 1536w, https:\/\/neonia.com.pl\/wp-content\/uploads\/2024\/02\/leczenie-tradziku-rozowatego-1000x831.jpg 1000w, https:\/\/neonia.com.pl\/wp-content\/uploads\/2024\/02\/leczenie-tradziku-rozowatego-800x665.jpg 800w, https:\/\/neonia.com.pl\/wp-content\/uploads\/2024\/02\/leczenie-tradziku-rozowatego-500x415.jpg 500w\" data-sizes=\"auto\" data-original-sizes=\"(max-width: 300px) 100vw, 300px\">\r\n\t\t\t\t\t\t\t\t\t<\/a>\r\n\t\t\t\t\t\t\t<a class=\"shortcode-gallery__link glightbox\" href=\"https:\/\/neonia.com.pl\/wp-content\/uploads\/2024\/02\/tradzik-rozowaty-efekty-zabiegu.jpg\" data-height=\"80vh\">\r\n\t\t\t\t\t<img decoding=\"async\" class=\"shortcode-gallery__image smush-dimensions lazyload\" data-src=\"https:\/\/neonia.com.pl\/wp-content\/uploads\/2024\/02\/tradzik-rozowaty-efekty-zabiegu-300x176.png\" alt=\"tr\u0105dzik r\u00f3\u017cowaty efekty zabiegu\" width=\"300\" style=\"--smush-image-width: 300px; --smush-image-aspect-ratio: 300\/176;\" src=\"data:image\/svg+xml;base64,PHN2ZyB3aWR0aD0iMSIgaGVpZ2h0PSIxIiB4bWxucz0iaHR0cDovL3d3dy53My5vcmcvMjAwMC9zdmciPjwvc3ZnPg==\" data-srcset=\"https:\/\/neonia.com.pl\/wp-content\/uploads\/2024\/02\/tradzik-rozowaty-efekty-zabiegu-300x176.png 300w, https:\/\/neonia.com.pl\/wp-content\/uploads\/2024\/02\/tradzik-rozowaty-efekty-zabiegu-768x452.png 768w, https:\/\/neonia.com.pl\/wp-content\/uploads\/2024\/02\/tradzik-rozowaty-efekty-zabiegu-1000x588.png 1000w, https:\/\/neonia.com.pl\/wp-content\/uploads\/2024\/02\/tradzik-rozowaty-efekty-zabiegu-800x470.png 800w, https:\/\/neonia.com.pl\/wp-content\/uploads\/2024\/02\/tradzik-rozowaty-efekty-zabiegu-500x294.png 500w, https:\/\/neonia.com.pl\/wp-content\/uploads\/2024\/02\/tradzik-rozowaty-efekty-zabiegu.png 1422w\" data-sizes=\"auto\" data-original-sizes=\"(max-width: 300px) 100vw, 300px\">\r\n\t\t\t\t\t\t\t\t\t<\/a>\r\n\t\t\t\t\t\t\t<a class=\"shortcode-gallery__link glightbox\" href=\"https:\/\/neonia.com.pl\/wp-content\/uploads\/2024\/02\/tradzik-rozowaty-leczenie-laserem-scaled.jpg\" data-height=\"80vh\">\r\n\t\t\t\t\t<img decoding=\"async\" class=\"shortcode-gallery__image smush-dimensions lazyload\" data-src=\"https:\/\/neonia.com.pl\/wp-content\/uploads\/2024\/02\/tradzik-rozowaty-leczenie-laserem-300x300.jpg\" alt=\"tr\u0105dzik r\u00f3\u017cowaty leczenie laserem\" width=\"300\" style=\"--smush-image-width: 300px; --smush-image-aspect-ratio: 300\/300;\" src=\"data:image\/svg+xml;base64,PHN2ZyB3aWR0aD0iMSIgaGVpZ2h0PSIxIiB4bWxucz0iaHR0cDovL3d3dy53My5vcmcvMjAwMC9zdmciPjwvc3ZnPg==\" data-srcset=\"https:\/\/neonia.com.pl\/wp-content\/uploads\/2024\/02\/tradzik-rozowaty-leczenie-laserem-300x300.jpg 300w, https:\/\/neonia.com.pl\/wp-content\/uploads\/2024\/02\/tradzik-rozowaty-leczenie-laserem-scaled.jpg 1500w, https:\/\/neonia.com.pl\/wp-content\/uploads\/2024\/02\/tradzik-rozowaty-leczenie-laserem-400x400.jpg 400w, https:\/\/neonia.com.pl\/wp-content\/uploads\/2024\/02\/tradzik-rozowaty-leczenie-laserem-768x768.jpg 768w, https:\/\/neonia.com.pl\/wp-content\/uploads\/2024\/02\/tradzik-rozowaty-leczenie-laserem-1536x1536.jpg 1536w, https:\/\/neonia.com.pl\/wp-content\/uploads\/2024\/02\/tradzik-rozowaty-leczenie-laserem-2048x2048.jpg 2048w, https:\/\/neonia.com.pl\/wp-content\/uploads\/2024\/02\/tradzik-rozowaty-leczenie-laserem-70x70.jpg 70w, https:\/\/neonia.com.pl\/wp-content\/uploads\/2024\/02\/tradzik-rozowaty-leczenie-laserem-1000x1000.jpg 1000w, https:\/\/neonia.com.pl\/wp-content\/uploads\/2024\/02\/tradzik-rozowaty-leczenie-laserem-800x800.jpg 800w, https:\/\/neonia.com.pl\/wp-content\/uploads\/2024\/02\/tradzik-rozowaty-leczenie-laserem-500x500.jpg 500w\" data-sizes=\"auto\" data-original-sizes=\"(max-width: 300px) 100vw, 300px\">\r\n\t\t\t\t\t\t\t\t\t<\/a>\r\n\t\t\t\t\t\t<\/div>\r\n\t\t\t\t<\/section>\r\n\t\n","protected":false},"excerpt":{"rendered":"<p>Acne Rosacea is a chronic skin condition, which requires adequate treatment therapy.\u00a0The\u00a0treatment of rosacea\u00a0requires the use of general and local pharmacotherapy, as well as appropriate skin care.\u00a0Aesthetic medical treatment is helpful in order to remove unsightly skin lesions associated with rosacea. Professional surgery enables the treatment of acne rosacea alleviating its symptoms and reducing the [&hellip;]<\/p>\n","protected":false},"author":1,"featured_media":0,"parent":0,"menu_order":77,"comment_status":"closed","ping_status":"closed","template":"page-templates\/treatment.php","meta":{"_acf_changed":false,"footnotes":""},"categories":[27],"class_list":["post-627454","page","type-page","status-publish","hentry","category-treatments-en"],"acf":[],"_links":{"self":[{"href":"https:\/\/neonia.com.pl\/en\/wp-json\/wp\/v2\/pages\/627454","targetHints":{"allow":["GET"]}}],"collection":[{"href":"https:\/\/neonia.com.pl\/en\/wp-json\/wp\/v2\/pages"}],"about":[{"href":"https:\/\/neonia.com.pl\/en\/wp-json\/wp\/v2\/types\/page"}],"author":[{"embeddable":true,"href":"https:\/\/neonia.com.pl\/en\/wp-json\/wp\/v2\/users\/1"}],"replies":[{"embeddable":true,"href":"https:\/\/neonia.com.pl\/en\/wp-json\/wp\/v2\/comments?post=627454"}],"version-history":[{"count":1,"href":"https:\/\/neonia.com.pl\/en\/wp-json\/wp\/v2\/pages\/627454\/revisions"}],"predecessor-version":[{"id":641660,"href":"https:\/\/neonia.com.pl\/en\/wp-json\/wp\/v2\/pages\/627454\/revisions\/641660"}],"wp:attachment":[{"href":"https:\/\/neonia.com.pl\/en\/wp-json\/wp\/v2\/media?parent=627454"}],"wp:term":[{"taxonomy":"category","embeddable":true,"href":"https:\/\/neonia.com.pl\/en\/wp-json\/wp\/v2\/categories?post=627454"}],"curies":[{"name":"wp","href":"https:\/\/api.w.org\/{rel}","templated":true}]}}